{"id":377,"date":"2024-10-30T15:27:19","date_gmt":"2024-10-30T14:27:19","guid":{"rendered":"https:\/\/steelcom.cz\/sortiment\/"},"modified":"2024-12-02T15:10:55","modified_gmt":"2024-12-02T14:10:55","slug":"sortiment","status":"publish","type":"page","link":"https:\/\/steelcom.cz\/sk\/sortiment\/","title":{"rendered":"Sortiment"},"content":{"rendered":"\t\t<div data-elementor-type=\"wp-page\" data-elementor-id=\"377\" class=\"elementor elementor-377 elementor-210\" data-elementor-post-type=\"page\">\n\t\t\t\t<div class=\"elementor-element elementor-element-778ec56 e-flex e-con-boxed e-con e-parent\" data-id=\"778ec56\" data-element_type=\"container\" data-e-type=\"container\">\n\t\t\t\t\t<div class=\"e-con-inner\">\n\t\t\t\t<div class=\"elementor-element elementor-element-6f1112f elementor-widget elementor-widget-image\" data-id=\"6f1112f\" data-element_type=\"widget\" data-e-type=\"widget\" data-widget_type=\"image.default\">\n\t\t\t\t\t\t\t\t\t\t\t\t\t\t\t<img fetchpriority=\"high\" decoding=\"async\" width=\"800\" height=\"209\" src=\"https:\/\/steelcom.cz\/wp-content\/uploads\/2024\/10\/predelka3-1024x267.avif\" class=\"attachment-large size-large wp-image-354\" alt=\"\" srcset=\"https:\/\/steelcom.cz\/wp-content\/uploads\/2024\/10\/predelka3-1024x267.avif 1024w, https:\/\/steelcom.cz\/wp-content\/uploads\/2024\/10\/predelka3-300x78.avif 300w, https:\/\/steelcom.cz\/wp-content\/uploads\/2024\/10\/predelka3-768x200.avif 768w, https:\/\/steelcom.cz\/wp-content\/uploads\/2024\/10\/predelka3-1536x400.avif 1536w, https:\/\/steelcom.cz\/wp-content\/uploads\/2024\/10\/predelka3.avif 1920w\" sizes=\"(max-width: 800px) 100vw, 800px\" \/>\t\t\t\t\t\t\t\t\t\t\t\t\t\t\t<\/div>\n\t\t\t\t\t<\/div>\n\t\t\t\t<\/div>\n\t\t<div class=\"elementor-element elementor-element-fee4617 e-flex e-con-boxed e-con e-parent\" data-id=\"fee4617\" data-element_type=\"container\" data-e-type=\"container\">\n\t\t\t\t\t<div class=\"e-con-inner\">\n\t\t\t\t<div class=\"elementor-element elementor-element-026884c elementor-widget elementor-widget-heading\" data-id=\"026884c\" data-element_type=\"widget\" data-e-type=\"widget\" data-widget_type=\"heading.default\">\n\t\t\t\t\t<h2 class=\"elementor-heading-title elementor-size-default\">Plechy z kon\u0161truk\u010dn\u00fdch ocel\u00ed pod\u013ea EN 10025-2<\/h2>\t\t\t\t<\/div>\n\t\t\t\t<div class=\"elementor-element elementor-element-9b9a002 elementor-widget__width-auto elementor-widget-divider--view-line elementor-widget elementor-widget-divider\" data-id=\"9b9a002\" data-element_type=\"widget\" data-e-type=\"widget\" data-widget_type=\"divider.default\">\n\t\t\t\t\t\t\t<div class=\"elementor-divider\">\n\t\t\t<span class=\"elementor-divider-separator\">\n\t\t\t\t\t\t<\/span>\n\t\t<\/div>\n\t\t\t\t\t\t<\/div>\n\t\t\t\t<div class=\"elementor-element elementor-element-03d2c46 elementor-widget elementor-widget-text-editor\" data-id=\"03d2c46\" data-element_type=\"widget\" data-e-type=\"widget\" data-widget_type=\"text-editor.default\">\n\t\t\t\t\t\t\t\t\t<p>Najbe\u017enej\u0161ie pou\u017e\u00edvan\u00e9 kon\u0161truk\u010dn\u00e9 ocele s minim\u00e1lnou medzou klzu min. 235 MPa a zaru\u010denou zverite\u013enos\u0165ou, s pou\u017eit\u00edm pro \u00a0oce\u013eov\u00e9 kon\u0161trukcie mostov, h\u00e1l, \u010dasti ko\u013eajov\u00fdch a motorov\u00fdch vozidiel.<\/p>\t\t\t\t\t\t\t\t<\/div>\n\t\t\t\t<div class=\"elementor-element elementor-element-677206c elementor-widget elementor-widget-heading\" data-id=\"677206c\" data-element_type=\"widget\" data-e-type=\"widget\" data-widget_type=\"heading.default\">\n\t\t\t\t\t<h3 class=\"elementor-heading-title elementor-size-default\">Akosti:<\/h3>\t\t\t\t<\/div>\n\t\t\t\t<div class=\"elementor-element elementor-element-2cd9723 elementor-widget elementor-widget-text-editor\" data-id=\"2cd9723\" data-element_type=\"widget\" data-e-type=\"widget\" data-widget_type=\"text-editor.default\">\n\t\t\t\t\t\t\t\t\t<ul><li>S235JR(C)<\/li><li>S355JR(C)<\/li><li>S275JR(C)<\/li><li>S355K2(C)<\/li><li>S235J0(C)<\/li><li>S355J0(C)<\/li><li>S275J0(C)<\/li><li>S235J2(C)<\/li><li>S355J2(C)<\/li><li>S275J2(C)<\/li><\/ul>\t\t\t\t\t\t\t\t<\/div>\n\t\t\t\t<div class=\"elementor-element elementor-element-9a27bc0 elementor-widget-divider--view-line elementor-widget elementor-widget-divider\" data-id=\"9a27bc0\" data-element_type=\"widget\" data-e-type=\"widget\" data-widget_type=\"divider.default\">\n\t\t\t\t\t\t\t<div class=\"elementor-divider\">\n\t\t\t<span class=\"elementor-divider-separator\">\n\t\t\t\t\t\t<\/span>\n\t\t<\/div>\n\t\t\t\t\t\t<\/div>\n\t\t\t\t\t<\/div>\n\t\t\t\t<\/div>\n\t\t<div class=\"elementor-element elementor-element-e3ef885 e-flex e-con-boxed e-con e-parent\" data-id=\"e3ef885\" data-element_type=\"container\" data-e-type=\"container\">\n\t\t\t\t\t<div class=\"e-con-inner\">\n\t\t\t\t<div class=\"elementor-element elementor-element-4905c9f elementor-widget elementor-widget-heading\" data-id=\"4905c9f\" data-element_type=\"widget\" data-e-type=\"widget\" data-widget_type=\"heading.default\">\n\t\t\t\t\t<h2 class=\"elementor-heading-title elementor-size-default\">Plechy z ocel\u00ed pre tlakov\u00e9 n\u00e1doby pod\u013ea EN 10028-2\n\n<\/h2>\t\t\t\t<\/div>\n\t\t\t\t<div class=\"elementor-element elementor-element-8609035 elementor-widget__width-auto elementor-widget-divider--view-line elementor-widget elementor-widget-divider\" data-id=\"8609035\" data-element_type=\"widget\" data-e-type=\"widget\" data-widget_type=\"divider.default\">\n\t\t\t\t\t\t\t<div class=\"elementor-divider\">\n\t\t\t<span class=\"elementor-divider-separator\">\n\t\t\t\t\t\t<\/span>\n\t\t<\/div>\n\t\t\t\t\t\t<\/div>\n\t\t\t\t<div class=\"elementor-element elementor-element-bf2111d elementor-widget elementor-widget-text-editor\" data-id=\"bf2111d\" data-element_type=\"widget\" data-e-type=\"widget\" data-widget_type=\"text-editor.default\">\n\t\t\t\t\t\t\t\t\t<p>Plechy z nelegovan\u00fdch aj legovan\u00fdch ocel\u00ed pro tlakov\u00e9 nam\u00e1han\u00e9 n\u00e1doby a zariadenia, pracuj\u00face za norm\u00e1lnych i zv\u00fd\u0161en\u00fdch tepl\u00f4t. Tieto plechy sa dod\u00e1vaj\u00fa spravidla v stave normaliza\u010dne \u017e\u00edhanom, popr. normaliza\u010dne \u017e\u00edhanom a popustenom.<\/p>\t\t\t\t\t\t\t\t<\/div>\n\t\t\t\t<div class=\"elementor-element elementor-element-eadc548 elementor-widget elementor-widget-heading\" data-id=\"eadc548\" data-element_type=\"widget\" data-e-type=\"widget\" data-widget_type=\"heading.default\">\n\t\t\t\t\t<h3 class=\"elementor-heading-title elementor-size-default\">Akosti:<\/h3>\t\t\t\t<\/div>\n\t\t\t\t<div class=\"elementor-element elementor-element-d4d5dae elementor-widget elementor-widget-text-editor\" data-id=\"d4d5dae\" data-element_type=\"widget\" data-e-type=\"widget\" data-widget_type=\"text-editor.default\">\n\t\t\t\t\t\t\t\t\t<ul><li>P235GH<\/li><li>P265GH<\/li><li>P295GH<\/li><li>P355GH<\/li><li>16Mo3<\/li><li>13CrMo4-5<\/li><li>10CrMo9-10<\/li><\/ul>\t\t\t\t\t\t\t\t<\/div>\n\t\t\t\t<div class=\"elementor-element elementor-element-c815ebe elementor-widget-divider--view-line elementor-widget elementor-widget-divider\" data-id=\"c815ebe\" data-element_type=\"widget\" data-e-type=\"widget\" data-widget_type=\"divider.default\">\n\t\t\t\t\t\t\t<div class=\"elementor-divider\">\n\t\t\t<span class=\"elementor-divider-separator\">\n\t\t\t\t\t\t<\/span>\n\t\t<\/div>\n\t\t\t\t\t\t<\/div>\n\t\t\t\t\t<\/div>\n\t\t\t\t<\/div>\n\t\t<div class=\"elementor-element elementor-element-37641a3 e-flex e-con-boxed e-con e-parent\" data-id=\"37641a3\" data-element_type=\"container\" data-e-type=\"container\">\n\t\t\t\t\t<div class=\"e-con-inner\">\n\t\t\t\t<div class=\"elementor-element elementor-element-68b791c elementor-widget elementor-widget-heading\" data-id=\"68b791c\" data-element_type=\"widget\" data-e-type=\"widget\" data-widget_type=\"heading.default\">\n\t\t\t\t\t<h2 class=\"elementor-heading-title elementor-size-default\">Plechy z ocel\u00ed pro tlakov\u00e9 n\u00e1doby dle EN 10028-3\n\n<\/h2>\t\t\t\t<\/div>\n\t\t\t\t<div class=\"elementor-element elementor-element-b48ba25 elementor-widget__width-auto elementor-widget-divider--view-line elementor-widget elementor-widget-divider\" data-id=\"b48ba25\" data-element_type=\"widget\" data-e-type=\"widget\" data-widget_type=\"divider.default\">\n\t\t\t\t\t\t\t<div class=\"elementor-divider\">\n\t\t\t<span class=\"elementor-divider-separator\">\n\t\t\t\t\t\t<\/span>\n\t\t<\/div>\n\t\t\t\t\t\t<\/div>\n\t\t\t\t<div class=\"elementor-element elementor-element-4776300 elementor-widget elementor-widget-text-editor\" data-id=\"4776300\" data-element_type=\"widget\" data-e-type=\"widget\" data-widget_type=\"text-editor.default\">\n\t\t\t\t\t\t\t\t\t<p>Tieto oceli sa vyzna\u010duj\u00fa zaru\u010denou jemnozrnnou \u0161trukt\u00farou a n\u00edzkym uhl\u00edkov\u00fdm ekvivalentom.<\/p>\t\t\t\t\t\t\t\t<\/div>\n\t\t\t\t<div class=\"elementor-element elementor-element-50d1101 elementor-widget elementor-widget-heading\" data-id=\"50d1101\" data-element_type=\"widget\" data-e-type=\"widget\" data-widget_type=\"heading.default\">\n\t\t\t\t\t<h3 class=\"elementor-heading-title elementor-size-default\">Akosti<\/h3>\t\t\t\t<\/div>\n\t\t\t\t<div class=\"elementor-element elementor-element-5deb90c elementor-widget elementor-widget-text-editor\" data-id=\"5deb90c\" data-element_type=\"widget\" data-e-type=\"widget\" data-widget_type=\"text-editor.default\">\n\t\t\t\t\t\t\t\t\t<ul><li>P355N<\/li><li>P355NH<\/li><li>P355NL1<\/li><li>P355NL2<\/li><li>P275NH<\/li><li>P275NL1<\/li><li>P275NL2<\/li><li>P460NH<\/li><li>P460NL1<\/li><li>P460NL2<\/li><\/ul>\t\t\t\t\t\t\t\t<\/div>\n\t\t\t\t<div class=\"elementor-element elementor-element-581a1aa elementor-widget-divider--view-line elementor-widget elementor-widget-divider\" data-id=\"581a1aa\" data-element_type=\"widget\" data-e-type=\"widget\" data-widget_type=\"divider.default\">\n\t\t\t\t\t\t\t<div class=\"elementor-divider\">\n\t\t\t<span class=\"elementor-divider-separator\">\n\t\t\t\t\t\t<\/span>\n\t\t<\/div>\n\t\t\t\t\t\t<\/div>\n\t\t\t\t\t<\/div>\n\t\t\t\t<\/div>\n\t\t<div class=\"elementor-element elementor-element-04b70d1 e-flex e-con-boxed e-con e-parent\" data-id=\"04b70d1\" data-element_type=\"container\" data-e-type=\"container\">\n\t\t\t\t\t<div class=\"e-con-inner\">\n\t\t\t\t<div class=\"elementor-element elementor-element-2a09502 elementor-widget elementor-widget-heading\" data-id=\"2a09502\" data-element_type=\"widget\" data-e-type=\"widget\" data-widget_type=\"heading.default\">\n\t\t\t\t\t<h2 class=\"elementor-heading-title elementor-size-default\">Plechy z kon\u0161truk\u010dn\u00fdch ocel\u00ed ku zu\u0161\u013each\u0165ovaniu pod\u013ea EN 10083-1+A1 a EN 10083-2+A1<\/h2>\t\t\t\t<\/div>\n\t\t\t\t<div class=\"elementor-element elementor-element-823c563 elementor-widget__width-auto elementor-widget-divider--view-line elementor-widget elementor-widget-divider\" data-id=\"823c563\" data-element_type=\"widget\" data-e-type=\"widget\" data-widget_type=\"divider.default\">\n\t\t\t\t\t\t\t<div class=\"elementor-divider\">\n\t\t\t<span class=\"elementor-divider-separator\">\n\t\t\t\t\t\t<\/span>\n\t\t<\/div>\n\t\t\t\t\t\t<\/div>\n\t\t\t\t<div class=\"elementor-element elementor-element-be95ee2 elementor-widget elementor-widget-text-editor\" data-id=\"be95ee2\" data-element_type=\"widget\" data-e-type=\"widget\" data-widget_type=\"text-editor.default\">\n\t\t\t\t\t\t\t\t\t<p>Pou\u017e\u00edvaj\u00fa sa na strojn\u00ed s\u00fa\u010dasti vo v\u0161etk\u00fdch oblastiach stroj\u00e1renskej v\u00fdroby. Vo v\u00e4\u010d\u0161ine pr\u00edpadov s\u00fa obtia\u017ene zverite\u013en\u00e9.<\/p>\t\t\t\t\t\t\t\t<\/div>\n\t\t\t\t<div class=\"elementor-element elementor-element-246ac14 elementor-widget elementor-widget-heading\" data-id=\"246ac14\" data-element_type=\"widget\" data-e-type=\"widget\" data-widget_type=\"heading.default\">\n\t\t\t\t\t<h3 class=\"elementor-heading-title elementor-size-default\">Akosti:<\/h3>\t\t\t\t<\/div>\n\t\t\t\t<div class=\"elementor-element elementor-element-fbda532 elementor-widget elementor-widget-text-editor\" data-id=\"fbda532\" data-element_type=\"widget\" data-e-type=\"widget\" data-widget_type=\"text-editor.default\">\n\t\t\t\t\t\t\t\t\t<ul><li>C22E<\/li><li>C35\/C35E<\/li><li>C40\/C40E<\/li><li>C45\/C45E<\/li><li>C50E<\/li><li>C 55\/C55E<\/li><li>C60\/C60E<\/li><li>28Mn6<\/li><li>25CrMo4<\/li><li>34CrMo4<\/li><li>42CrMo4<\/li><\/ul>\t\t\t\t\t\t\t\t<\/div>\n\t\t\t\t<div class=\"elementor-element elementor-element-693fc36 elementor-widget-divider--view-line elementor-widget elementor-widget-divider\" data-id=\"693fc36\" data-element_type=\"widget\" data-e-type=\"widget\" data-widget_type=\"divider.default\">\n\t\t\t\t\t\t\t<div class=\"elementor-divider\">\n\t\t\t<span class=\"elementor-divider-separator\">\n\t\t\t\t\t\t<\/span>\n\t\t<\/div>\n\t\t\t\t\t\t<\/div>\n\t\t\t\t\t<\/div>\n\t\t\t\t<\/div>\n\t\t<div class=\"elementor-element elementor-element-e211ce8 e-flex e-con-boxed e-con e-parent\" data-id=\"e211ce8\" data-element_type=\"container\" data-e-type=\"container\">\n\t\t\t\t\t<div class=\"e-con-inner\">\n\t\t\t\t<div class=\"elementor-element elementor-element-2eac3ff elementor-widget elementor-widget-heading\" data-id=\"2eac3ff\" data-element_type=\"widget\" data-e-type=\"widget\" data-widget_type=\"heading.default\">\n\t\t\t\t\t<h2 class=\"elementor-heading-title elementor-size-default\">V\u00fdpalky<\/h2>\t\t\t\t<\/div>\n\t\t\t\t<div class=\"elementor-element elementor-element-82f01e3 elementor-widget__width-auto elementor-widget-divider--view-line elementor-widget elementor-widget-divider\" data-id=\"82f01e3\" data-element_type=\"widget\" data-e-type=\"widget\" data-widget_type=\"divider.default\">\n\t\t\t\t\t\t\t<div class=\"elementor-divider\">\n\t\t\t<span class=\"elementor-divider-separator\">\n\t\t\t\t\t\t<\/span>\n\t\t<\/div>\n\t\t\t\t\t\t<\/div>\n\t\t\t\t<div class=\"elementor-element elementor-element-bb30530 elementor-widget elementor-widget-text-editor\" data-id=\"bb30530\" data-element_type=\"widget\" data-e-type=\"widget\" data-widget_type=\"text-editor.default\">\n\t\t\t\t\t\t\t\t\t<p><strong>Pon\u00fakame v\u00a0kooper\u00e1cii dod\u00e1vku v\u00fdpalkov a\u017e do hr\u00fabky 750 mm<\/strong><\/p><ul><li>P\u00e1lenie pod\u013ea dodanej technickej dokument\u00e1cie (DXF, DWG, v\u00fdkresy)<\/li><li>Akosti pod\u013ea noriem EN 10025, EN 10028<\/li><li>Norma pro p\u00e1len\u00ed EN ISO 9013<\/li><li>Rozmery: a\u017e do 750 mm<\/li><\/ul><p>Pon\u00fakame aj materi\u00e1l pod\u013ea noriem tu neuveden\u00fdch \u2013 v tomto pr\u00edpade konzultujte svoje dotazy na uveden\u00fdch telef\u00f3nnych \u010d\u00edslach.<\/p><p>\u00a0<\/p>\t\t\t\t\t\t\t\t<\/div>\n\t\t\t\t<div class=\"elementor-element elementor-element-9facf46 elementor-widget-divider--view-line elementor-widget elementor-widget-divider\" data-id=\"9facf46\" data-element_type=\"widget\" data-e-type=\"widget\" data-widget_type=\"divider.default\">\n\t\t\t\t\t\t\t<div class=\"elementor-divider\">\n\t\t\t<span class=\"elementor-divider-separator\">\n\t\t\t\t\t\t<\/span>\n\t\t<\/div>\n\t\t\t\t\t\t<\/div>\n\t\t\t\t\t<\/div>\n\t\t\t\t<\/div>\n\t\t\t\t<\/div>\n\t\t","protected":false},"excerpt":{"rendered":"<p>Plechy z kon\u0161truk\u010dn\u00fdch ocel\u00ed pod\u013ea EN 10025-2 Najbe\u017enej\u0161ie pou\u017e\u00edvan\u00e9 kon\u0161truk\u010dn\u00e9 ocele s minim\u00e1lnou medzou klzu min. 235 MPa a zaru\u010denou zverite\u013enos\u0165ou, s pou\u017eit\u00edm pro \u00a0oce\u013eov\u00e9 kon\u0161trukcie mostov, h\u00e1l, \u010dasti ko\u013eajov\u00fdch a motorov\u00fdch vozidiel. Akosti: S235JR(C) S355JR(C) S275JR(C) S355K2(C) S235J0(C) S355J0(C) S275J0(C) S235J2(C) S355J2(C) S275J2(C) Plechy z ocel\u00ed pre tlakov\u00e9 n\u00e1doby pod\u013ea EN 10028-2 Plechy z [&hellip;]<\/p>\n","protected":false},"author":1,"featured_media":0,"parent":0,"menu_order":0,"comment_status":"closed","ping_status":"closed","template":"","meta":{"footnotes":""},"class_list":["post-377","page","type-page","status-publish","hentry"],"_links":{"self":[{"href":"https:\/\/steelcom.cz\/sk\/wp-json\/wp\/v2\/pages\/377","targetHints":{"allow":["GET"]}}],"collection":[{"href":"https:\/\/steelcom.cz\/sk\/wp-json\/wp\/v2\/pages"}],"about":[{"href":"https:\/\/steelcom.cz\/sk\/wp-json\/wp\/v2\/types\/page"}],"author":[{"embeddable":true,"href":"https:\/\/steelcom.cz\/sk\/wp-json\/wp\/v2\/users\/1"}],"replies":[{"embeddable":true,"href":"https:\/\/steelcom.cz\/sk\/wp-json\/wp\/v2\/comments?post=377"}],"version-history":[{"count":4,"href":"https:\/\/steelcom.cz\/sk\/wp-json\/wp\/v2\/pages\/377\/revisions"}],"predecessor-version":[{"id":402,"href":"https:\/\/steelcom.cz\/sk\/wp-json\/wp\/v2\/pages\/377\/revisions\/402"}],"wp:attachment":[{"href":"https:\/\/steelcom.cz\/sk\/wp-json\/wp\/v2\/media?parent=377"}],"curies":[{"name":"wp","href":"https:\/\/api.w.org\/{rel}","templated":true}]}}