{"id":375,"date":"2024-02-20T15:54:00","date_gmt":"2024-02-20T14:54:00","guid":{"rendered":"https:\/\/steelcom.cz\/kontakty\/"},"modified":"2024-12-02T14:51:11","modified_gmt":"2024-12-02T13:51:11","slug":"kontakty","status":"publish","type":"page","link":"https:\/\/steelcom.cz\/sk\/kontakty\/","title":{"rendered":"Kontakty"},"content":{"rendered":"\t\t<div data-elementor-type=\"wp-page\" data-elementor-id=\"375\" class=\"elementor elementor-375 elementor-43\" data-elementor-post-type=\"page\">\n\t\t\t\t<div class=\"elementor-element elementor-element-796d6df e-flex e-con-boxed e-con e-parent\" data-id=\"796d6df\" data-element_type=\"container\" data-e-type=\"container\">\n\t\t\t\t\t<div class=\"e-con-inner\">\n\t\t<div class=\"elementor-element elementor-element-06efd0f e-con-full e-flex e-con e-child\" data-id=\"06efd0f\" data-element_type=\"container\" data-e-type=\"container\">\n\t\t\t\t<div class=\"elementor-element elementor-element-48b4975 elementor-widget elementor-widget-heading\" data-id=\"48b4975\" data-element_type=\"widget\" data-e-type=\"widget\" data-widget_type=\"heading.default\">\n\t\t\t\t\t<h2 class=\"elementor-heading-title elementor-size-default\">Adresa<\/h2>\t\t\t\t<\/div>\n\t\t\t\t<div class=\"elementor-element elementor-element-07390d4 elementor-widget__width-auto elementor-widget-divider--view-line elementor-widget elementor-widget-divider\" data-id=\"07390d4\" data-element_type=\"widget\" data-e-type=\"widget\" data-widget_type=\"divider.default\">\n\t\t\t\t\t\t\t<div class=\"elementor-divider\">\n\t\t\t<span class=\"elementor-divider-separator\">\n\t\t\t\t\t\t<\/span>\n\t\t<\/div>\n\t\t\t\t\t\t<\/div>\n\t\t\t\t<div class=\"elementor-element elementor-element-aa3e09e elementor-widget elementor-widget-text-editor\" data-id=\"aa3e09e\" data-element_type=\"widget\" data-e-type=\"widget\" data-widget_type=\"text-editor.default\">\n\t\t\t\t\t\t\t\t\t<div class=\"vc_row wpb_row vc_row-fluid vc_custom_1549541135890\"><div class=\"wpb_column vc_column_container vc_col-md-8\"><div class=\"vc_column-inner\"><div class=\"wpb_wrapper\"><div class=\"wpb_text_column wpb_content_element \"><div class=\"wpb_wrapper\"><div class=\"wpb_text_column wpb_content_element \"><div class=\"wpb_wrapper\"><p><strong>STEELCOM SK, s.r.o.<br \/><\/strong><strong>V.P. T\u00f3tha 56\/4<\/strong>,\u00a0<strong>036 01 Martin<\/strong><br \/>I\u010cO:<strong>\u00a046711350<\/strong><\/p><\/div><\/div><div class=\"wpb_text_column wpb_content_element \"><div class=\"wpb_wrapper\"><p><strong>Petr Bialek<\/strong><em><br \/><\/em>jednatel<\/p><\/div><\/div><div class=\"wpb_text_column wpb_content_element \"><div class=\"wpb_wrapper\"><p>Spole\u010dnost veden\u00e1 u Obchodn\u00e9ho registra Okresn\u00e9ho s\u00fadu \u017dilina, Vlo\u017eka \u010d\u00edslo: 56866\/L<\/p><\/div><\/div><\/div><\/div><\/div><\/div><\/div><\/div><div class=\"vc_row wpb_row vc_row-fluid vc_custom_1549541135890\"><div class=\"wpb_column vc_column_container vc_col-md-6\"><div class=\"vc_column-inner\"><div class=\"wpb_wrapper\"><div class=\"wpb_text_column wpb_content_element \"><div class=\"wpb_wrapper\">\u00a0<\/div><\/div><\/div><\/div><\/div><\/div>\t\t\t\t\t\t\t\t<\/div>\n\t\t\t\t<\/div>\n\t\t<div class=\"elementor-element elementor-element-bc50658 e-con-full e-flex e-con e-child\" data-id=\"bc50658\" data-element_type=\"container\" data-e-type=\"container\">\n\t\t\t\t<div class=\"elementor-element elementor-element-6514b1b elementor-widget elementor-widget-html\" data-id=\"6514b1b\" data-element_type=\"widget\" data-e-type=\"widget\" data-widget_type=\"html.default\">\n\t\t\t\t\t<iframe src=\"https:\/\/www.google.com\/maps\/d\/u\/0\/embed?mid=1CeS8Mg-XBCyj9B7vhIAZ7mgu0C7Bqbo&amp;ehbc=2E312F&amp;noprof=1&amp;z=6\" width=\"640\" height=\"400\"><\/iframe>\t\t\t\t<\/div>\n\t\t\t\t<\/div>\n\t\t\t\t\t<\/div>\n\t\t\t\t<\/div>\n\t\t<div class=\"elementor-element elementor-element-3a727df e-flex e-con-boxed e-con e-parent\" data-id=\"3a727df\" data-element_type=\"container\" data-e-type=\"container\">\n\t\t\t\t\t<div class=\"e-con-inner\">\n\t\t\t\t<div class=\"elementor-element elementor-element-f28ab8f elementor-widget elementor-widget-heading\" data-id=\"f28ab8f\" data-element_type=\"widget\" data-e-type=\"widget\" data-widget_type=\"heading.default\">\n\t\t\t\t\t<h2 class=\"elementor-heading-title elementor-size-default\">Kontakty<\/h2>\t\t\t\t<\/div>\n\t\t\t\t<div class=\"elementor-element elementor-element-1e6a377 elementor-widget__width-auto elementor-widget-divider--view-line elementor-widget elementor-widget-divider\" data-id=\"1e6a377\" data-element_type=\"widget\" data-e-type=\"widget\" data-widget_type=\"divider.default\">\n\t\t\t\t\t\t\t<div class=\"elementor-divider\">\n\t\t\t<span class=\"elementor-divider-separator\">\n\t\t\t\t\t\t<\/span>\n\t\t<\/div>\n\t\t\t\t\t\t<\/div>\n\t\t<div class=\"elementor-element elementor-element-8a78774 e-grid e-con-full e-con e-child\" data-id=\"8a78774\" data-element_type=\"container\" data-e-type=\"container\">\n\t\t<div class=\"elementor-element elementor-element-94dc8ef e-con-full e-flex e-con e-child\" data-id=\"94dc8ef\" data-element_type=\"container\" data-e-type=\"container\">\n\t\t\t\t<div class=\"elementor-element elementor-element-44785fe elementor-widget elementor-widget-heading\" data-id=\"44785fe\" data-element_type=\"widget\" data-e-type=\"widget\" data-widget_type=\"heading.default\">\n\t\t\t\t\t<h3 class=\"elementor-heading-title elementor-size-default\">Kancel\u00e1ria<\/h3>\t\t\t\t<\/div>\n\t\t\t\t<div class=\"elementor-element elementor-element-330069d elementor-widget elementor-widget-text-editor\" data-id=\"330069d\" data-element_type=\"widget\" data-e-type=\"widget\" data-widget_type=\"text-editor.default\">\n\t\t\t\t\t\t\t\t\t<div class=\"wpb_text_column wpb_content_element \"><div class=\"wpb_wrapper\"><p>V.P. T\u00f3tha 56\/4,<br \/>036 01 Martin<\/p><\/div><\/div><div class=\"wpb_text_column wpb_content_element \"><div class=\"wpb_wrapper\"><p><strong>\u0160tefan Ondru\u0161ka<\/strong><br \/>prok\u00fara<br \/>T:\u00a0<strong>+421 911 533 313<\/strong><br \/>E:\u00a0<a href=\"mailto:ondruska@steelcom.sk\">ondruska@steelcom.sk<\/a><\/p><\/div><\/div>\t\t\t\t\t\t\t\t<\/div>\n\t\t\t\t<\/div>\n\t\t<div class=\"elementor-element elementor-element-916cc40 e-con-full e-flex e-con e-child\" data-id=\"916cc40\" data-element_type=\"container\" data-e-type=\"container\">\n\t\t\t\t<div class=\"elementor-element elementor-element-71d98d6 elementor-widget elementor-widget-heading\" data-id=\"71d98d6\" data-element_type=\"widget\" data-e-type=\"widget\" data-widget_type=\"heading.default\">\n\t\t\t\t\t<h3 class=\"elementor-heading-title elementor-size-default\">Sklad<\/h3>\t\t\t\t<\/div>\n\t\t\t\t<div class=\"elementor-element elementor-element-0fc005d elementor-widget elementor-widget-text-editor\" data-id=\"0fc005d\" data-element_type=\"widget\" data-e-type=\"widget\" data-widget_type=\"text-editor.default\">\n\t\t\t\t\t\t\t\t\t<div class=\"wpb_text_column wpb_content_element \"><div class=\"wpb_wrapper\"><p>Tov\u00e1rensk\u00e1 4203\/51<br \/>018 41 Dubnica nad V\u00e1hom<\/p><\/div><\/div><div class=\"wpb_text_column wpb_content_element \"><div class=\"wpb_wrapper\"><p><strong>Iveta \u0160pa\u010dkov\u00e1<br \/><\/strong>sklad<strong><br \/><\/strong>T:\u00a0<strong>+421 901 710 193<\/strong><br \/>E:\u00a0<a href=\"mailto:spackova@steelcom.sk\">spackova@steelcom.sk<\/a><\/p><\/div><\/div>\t\t\t\t\t\t\t\t<\/div>\n\t\t\t\t<\/div>\n\t\t\t\t<\/div>\n\t\t\t\t\t<\/div>\n\t\t\t\t<\/div>\n\t\t\t\t<\/div>\n\t\t","protected":false},"excerpt":{"rendered":"<p>Adresa STEELCOM SK, s.r.o.V.P. T\u00f3tha 56\/4,\u00a0036 01 MartinI\u010cO:\u00a046711350 Petr Bialekjednatel Spole\u010dnost veden\u00e1 u Obchodn\u00e9ho registra Okresn\u00e9ho s\u00fadu \u017dilina, Vlo\u017eka \u010d\u00edslo: 56866\/L \u00a0 Kontakty Kancel\u00e1ria V.P. T\u00f3tha 56\/4,036 01 Martin \u0160tefan Ondru\u0161kaprok\u00faraT:\u00a0+421 911 533 313E:\u00a0ondruska@steelcom.sk Sklad Tov\u00e1rensk\u00e1 4203\/51018 41 Dubnica nad V\u00e1hom Iveta \u0160pa\u010dkov\u00e1skladT:\u00a0+421 901 710 193E:\u00a0spackova@steelcom.sk<\/p>\n","protected":false},"author":1,"featured_media":0,"parent":0,"menu_order":0,"comment_status":"closed","ping_status":"closed","template":"","meta":{"footnotes":""},"class_list":["post-375","page","type-page","status-publish","hentry"],"_links":{"self":[{"href":"https:\/\/steelcom.cz\/sk\/wp-json\/wp\/v2\/pages\/375","targetHints":{"allow":["GET"]}}],"collection":[{"href":"https:\/\/steelcom.cz\/sk\/wp-json\/wp\/v2\/pages"}],"about":[{"href":"https:\/\/steelcom.cz\/sk\/wp-json\/wp\/v2\/types\/page"}],"author":[{"embeddable":true,"href":"https:\/\/steelcom.cz\/sk\/wp-json\/wp\/v2\/users\/1"}],"replies":[{"embeddable":true,"href":"https:\/\/steelcom.cz\/sk\/wp-json\/wp\/v2\/comments?post=375"}],"version-history":[{"count":4,"href":"https:\/\/steelcom.cz\/sk\/wp-json\/wp\/v2\/pages\/375\/revisions"}],"predecessor-version":[{"id":398,"href":"https:\/\/steelcom.cz\/sk\/wp-json\/wp\/v2\/pages\/375\/revisions\/398"}],"wp:attachment":[{"href":"https:\/\/steelcom.cz\/sk\/wp-json\/wp\/v2\/media?parent=375"}],"curies":[{"name":"wp","href":"https:\/\/api.w.org\/{rel}","templated":true}]}}