{"id":373,"date":"2023-12-07T11:43:09","date_gmt":"2023-12-07T10:43:09","guid":{"rendered":"https:\/\/steelcom.cz\/domov\/"},"modified":"2024-12-02T16:17:15","modified_gmt":"2024-12-02T15:17:15","slug":"domov","status":"publish","type":"page","link":"https:\/\/steelcom.cz\/sk\/","title":{"rendered":"Domov"},"content":{"rendered":"\t\t<div data-elementor-type=\"wp-page\" data-elementor-id=\"373\" class=\"elementor elementor-373 elementor-2\" data-elementor-post-type=\"page\">\n\t\t\t\t<div class=\"elementor-element elementor-element-46b0b86 e-con-full e-flex e-con e-parent\" data-id=\"46b0b86\" data-element_type=\"container\" data-e-type=\"container\">\n\t\t<div class=\"elementor-element elementor-element-7ce4cd4 e-con-full e-flex e-con e-child\" data-id=\"7ce4cd4\" data-element_type=\"container\" data-e-type=\"container\" data-settings=\"{&quot;background_background&quot;:&quot;video&quot;,&quot;background_video_link&quot;:&quot;https:\\\/\\\/www.youtube.com\\\/watch?v=4Q-CiQ3W4ZE&quot;}\">\n\t\t<div class=\"elementor-background-video-container elementor-hidden-mobile\">\n\t\t\t\t\t\t\t<div class=\"elementor-background-video-embed\" role=\"presentation\"><\/div>\n\t\t\t\t\t\t<\/div>\t\t<div class=\"elementor-element elementor-element-23902a3 elementor-widget elementor-widget-heading\" data-id=\"23902a3\" data-element_type=\"widget\" data-e-type=\"widget\" data-widget_type=\"heading.default\">\n\t\t\t\t\t<h1 class=\"elementor-heading-title elementor-size-default\">STEELCOM: Predaj hutn\u00edckych materi\u00e1lov <\/h1>\t\t\t\t<\/div>\n\t\t<div class=\"elementor-element elementor-element-56808f1 e-con-full e-flex e-con e-child\" data-id=\"56808f1\" data-element_type=\"container\" data-e-type=\"container\">\n\t\t\t\t<div class=\"elementor-element elementor-element-1feb076 elementor-widget__width-auto elementor-widget elementor-widget-button\" data-id=\"1feb076\" data-element_type=\"widget\" data-e-type=\"widget\" data-widget_type=\"button.default\">\n\t\t\t\t\t\t\t\t\t\t<a class=\"elementor-button elementor-button-link elementor-size-sm\" href=\"#zjistit-vice\">\n\t\t\t\t\t\t<span class=\"elementor-button-content-wrapper\">\n\t\t\t\t\t\t\t\t\t<span class=\"elementor-button-text\">Zistite viac<\/span>\n\t\t\t\t\t<\/span>\n\t\t\t\t\t<\/a>\n\t\t\t\t\t\t\t\t<\/div>\n\t\t\t\t<div class=\"elementor-element elementor-element-f99c296 elementor-widget__width-auto elementor-widget elementor-widget-button\" data-id=\"f99c296\" data-element_type=\"widget\" data-e-type=\"widget\" data-widget_type=\"button.default\">\n\t\t\t\t\t\t\t\t\t\t<a class=\"elementor-button elementor-button-link elementor-size-sm\" href=\"https:\/\/steelcom.cz\/sk\/sortiment\/\">\n\t\t\t\t\t\t<span class=\"elementor-button-content-wrapper\">\n\t\t\t\t\t\t\t\t\t<span class=\"elementor-button-text\">Sortiment<\/span>\n\t\t\t\t\t<\/span>\n\t\t\t\t\t<\/a>\n\t\t\t\t\t\t\t\t<\/div>\n\t\t\t\t<\/div>\n\t\t\t\t<\/div>\n\t\t\t\t<\/div>\n\t\t<div class=\"elementor-element elementor-element-ae2709a e-grid e-con-full e-con e-child\" data-id=\"ae2709a\" data-element_type=\"container\" data-e-type=\"container\" data-settings=\"{&quot;background_background&quot;:&quot;classic&quot;}\">\n\t\t\t\t<div class=\"elementor-element elementor-element-f79844c elementor-widget elementor-widget-image\" data-id=\"f79844c\" data-element_type=\"widget\" data-e-type=\"widget\" data-widget_type=\"image.default\">\n\t\t\t\t\t\t\t\t\t\t\t\t\t\t\t<img decoding=\"async\" width=\"250\" height=\"100\" src=\"https:\/\/steelcom.cz\/wp-content\/uploads\/2024\/12\/piktogramy_web_steelcom_zvlast_SK-1-250x100-1.png\" class=\"attachment-large size-large wp-image-303\" alt=\"\" \/>\t\t\t\t\t\t\t\t\t\t\t\t\t\t\t<\/div>\n\t\t\t\t<div class=\"elementor-element elementor-element-dbc2f75 elementor-widget elementor-widget-image\" data-id=\"dbc2f75\" data-element_type=\"widget\" data-e-type=\"widget\" data-widget_type=\"image.default\">\n\t\t\t\t\t\t\t\t\t\t\t\t\t\t\t<img decoding=\"async\" width=\"250\" height=\"100\" src=\"https:\/\/steelcom.cz\/wp-content\/uploads\/2024\/12\/piktogramy_web_steelcom_zvlast_SK-2-250x100-1.png\" class=\"attachment-large size-large wp-image-330\" alt=\"\" \/>\t\t\t\t\t\t\t\t\t\t\t\t\t\t\t<\/div>\n\t\t\t\t<div class=\"elementor-element elementor-element-7095ca2 elementor-widget elementor-widget-image\" data-id=\"7095ca2\" data-element_type=\"widget\" data-e-type=\"widget\" data-widget_type=\"image.default\">\n\t\t\t\t\t\t\t\t\t\t\t\t\t\t\t<img decoding=\"async\" width=\"250\" height=\"100\" src=\"https:\/\/steelcom.cz\/wp-content\/uploads\/2024\/12\/piktogramy_web_steelcom_zvlast_SK-3-250x100-1.png\" class=\"attachment-large size-large wp-image-309\" alt=\"\" \/>\t\t\t\t\t\t\t\t\t\t\t\t\t\t\t<\/div>\n\t\t\t\t<\/div>\n\t\t<div class=\"elementor-element elementor-element-d03160d e-flex e-con-boxed e-con e-parent\" data-id=\"d03160d\" data-element_type=\"container\" data-e-type=\"container\" id=\"zjistit-vice\">\n\t\t\t\t\t<div class=\"e-con-inner\">\n\t\t<div class=\"elementor-element elementor-element-fa5e6b9 e-con-full e-flex e-con e-child\" data-id=\"fa5e6b9\" data-element_type=\"container\" data-e-type=\"container\">\n\t\t\t\t<div class=\"elementor-element elementor-element-ddd2b1e elementor-widget elementor-widget-heading\" data-id=\"ddd2b1e\" data-element_type=\"widget\" data-e-type=\"widget\" data-widget_type=\"heading.default\">\n\t\t\t\t\t<h2 class=\"elementor-heading-title elementor-size-default\">O spolo\u010dnosti<\/h2>\t\t\t\t<\/div>\n\t\t\t\t<div class=\"elementor-element elementor-element-0a7fbfa elementor-widget__width-auto elementor-widget-divider--view-line elementor-widget elementor-widget-divider\" data-id=\"0a7fbfa\" data-element_type=\"widget\" data-e-type=\"widget\" data-widget_type=\"divider.default\">\n\t\t\t\t\t\t\t<div class=\"elementor-divider\">\n\t\t\t<span class=\"elementor-divider-separator\">\n\t\t\t\t\t\t<\/span>\n\t\t<\/div>\n\t\t\t\t\t\t<\/div>\n\t\t\t\t<div class=\"elementor-element elementor-element-c58f2bc elementor-widget__width-initial elementor-widget-tablet__width-inherit elementor-widget-mobile_extra__width-inherit elementor-widget-mobile__width-inherit elementor-widget elementor-widget-text-editor\" data-id=\"c58f2bc\" data-element_type=\"widget\" data-e-type=\"widget\" data-widget_type=\"text-editor.default\">\n\t\t\t\t\t\t\t\t\t<p>Spolo\u010dnos\u0165\u00a0<a href=\"https:\/\/steelcom.cz\/\">STEELCOM CZ a.s.<\/a>\u00a0z poh\u013eadu pribl\u00ed\u017eenia ku svojim z\u00e1kazn\u00edkom a skvalitneniu slu\u017eieb na Slovenskom trhu zalo\u017eila v j\u00fani 2012 svoju dc\u00e9rsku spolo\u010dnos\u0165 STEELCOM SK, s.r.o. so s\u00eddlom v\u00a0Martine a skladom hutn\u00e9ho materi\u00e1lu (plechov) o objeme 2\u00a0000 ton v\u00a0Dubnici nad V\u00e1hom.<\/p><p>Prostredn\u00edctvom priamych dod\u00e1vate\u013eov z\u00a0hut\u00ed pon\u00fakame:<\/p><ul><li>valcovanie plechov ne\u0161tandardn\u00fdch rozmerov, r\u00f4znych akost\u00ed , hr\u00fabky 8-600 mm v dohodnut\u00fdch term\u00ednoch<\/li><li>\u00faprava materi\u00e1lu na po\u017eadovan\u00fd rozmer pod\u013ea dopytu<\/li><li>tvarov\u00e9 v\u00fdpalky \u2013 a\u017e do hr\u00fabky 600 mm pod\u013ea v\u00fdkresovej dokument\u00e1cie (v kooper\u00e1cii)<\/li><li>doprava tovaru v po\u017eadovanom term\u00edne na miesto ur\u010denia<\/li><li>hutn\u00edcke osved\u010denie a atesty<\/li><li>UZ \u2013 nede\u0161trukt\u00edvne ultrazvukov\u00e9 sk\u00fa\u0161ky a in\u00e9 sk\u00fa\u0161ky pod\u013ea po\u017eiadavok z\u00e1kazn\u00edka (UZ pod\u013ea EN 10 160, Z15 a\u017e 35 \u2013 EN 10 164 a ABV \u2013 SEP1390 )<\/li><\/ul><p>Plechy s\u00fa dod\u00e1van\u00e9 v s\u00falade so slovensk\u00fdmi i zahrani\u010dn\u00fdmi normami.<\/p><p>Na\u0161e spolo\u010dnos\u0165 sa rozv\u00edja, vn\u00edma situ\u00e1ciu na trhu, reaguje na aktu\u00e1lne potreby z\u00e1kazn\u00edka a pon\u00faka akt\u00edvnu spolupr\u00e1cu s doteraj\u0161\u00edmi alebo s nov\u00fdmi potencion\u00e1lnimi obchodn\u00fdmi partnermi.<\/p>\t\t\t\t\t\t\t\t<\/div>\n\t\t\t\t<\/div>\n\t\t<div class=\"elementor-element elementor-element-d36fb39 e-con-full e-flex e-con e-child\" data-id=\"d36fb39\" data-element_type=\"container\" data-e-type=\"container\">\n\t\t\t\t<div class=\"elementor-element elementor-element-8fe8a73 elementor-widget elementor-widget-image\" data-id=\"8fe8a73\" data-element_type=\"widget\" data-e-type=\"widget\" data-widget_type=\"image.default\">\n\t\t\t\t\t\t\t\t\t\t\t\t\t\t\t<img loading=\"lazy\" decoding=\"async\" width=\"800\" height=\"534\" src=\"https:\/\/steelcom.cz\/wp-content\/uploads\/2024\/10\/Foto2-1024x683-1.jpg\" class=\"attachment-large size-large wp-image-342\" alt=\"\" srcset=\"https:\/\/steelcom.cz\/wp-content\/uploads\/2024\/10\/Foto2-1024x683-1.jpg 1024w, https:\/\/steelcom.cz\/wp-content\/uploads\/2024\/10\/Foto2-1024x683-1-300x200.jpg 300w, https:\/\/steelcom.cz\/wp-content\/uploads\/2024\/10\/Foto2-1024x683-1-768x512.jpg 768w\" sizes=\"(max-width: 800px) 100vw, 800px\" \/>\t\t\t\t\t\t\t\t\t\t\t\t\t\t\t<\/div>\n\t\t\t\t<\/div>\n\t\t\t\t\t<\/div>\n\t\t\t\t<\/div>\n\t\t<div class=\"elementor-element elementor-element-0c3c88e e-flex e-con-boxed e-con e-parent\" data-id=\"0c3c88e\" data-element_type=\"container\" data-e-type=\"container\" data-settings=\"{&quot;background_background&quot;:&quot;classic&quot;}\">\n\t\t\t\t\t<div class=\"e-con-inner\">\n\t\t\t\t\t<\/div>\n\t\t\t\t<\/div>\n\t\t<div class=\"elementor-element elementor-element-2678492 e-flex e-con-boxed e-con e-parent\" data-id=\"2678492\" data-element_type=\"container\" data-e-type=\"container\" data-settings=\"{&quot;background_background&quot;:&quot;classic&quot;}\">\n\t\t\t\t\t<div class=\"e-con-inner\">\n\t\t<div class=\"elementor-element elementor-element-e1ae38c e-con-full e-flex e-con e-child\" data-id=\"e1ae38c\" data-element_type=\"container\" data-e-type=\"container\">\n\t\t\t\t<div class=\"elementor-element elementor-element-ae670de elementor-widget elementor-widget-image\" data-id=\"ae670de\" data-element_type=\"widget\" data-e-type=\"widget\" data-widget_type=\"image.default\">\n\t\t\t\t\t\t\t\t\t\t\t\t\t\t\t\t<a href=\"https:\/\/steelcom.cz\/wp-content\/uploads\/2024\/10\/ISO-14001.pdf\">\n\t\t\t\t\t\t\t<img loading=\"lazy\" decoding=\"async\" width=\"590\" height=\"838\" src=\"https:\/\/steelcom.cz\/wp-content\/uploads\/2024\/10\/iso14001.jpg\" class=\"attachment-full size-full wp-image-327\" alt=\"\" srcset=\"https:\/\/steelcom.cz\/wp-content\/uploads\/2024\/10\/iso14001.jpg 590w, https:\/\/steelcom.cz\/wp-content\/uploads\/2024\/10\/iso14001-211x300.jpg 211w\" sizes=\"(max-width: 590px) 100vw, 590px\" \/>\t\t\t\t\t\t\t\t<\/a>\n\t\t\t\t\t\t\t\t\t\t\t\t\t\t\t<\/div>\n\t\t\t\t<div class=\"elementor-element elementor-element-1b35bfb elementor-widget elementor-widget-image\" data-id=\"1b35bfb\" data-element_type=\"widget\" data-e-type=\"widget\" data-widget_type=\"image.default\">\n\t\t\t\t\t\t\t\t\t\t\t\t\t\t\t\t<a href=\"https:\/\/steelcom.cz\/wp-content\/uploads\/2024\/10\/iso9001.jpg\">\n\t\t\t\t\t\t\t<img loading=\"lazy\" decoding=\"async\" width=\"592\" height=\"837\" src=\"https:\/\/steelcom.cz\/wp-content\/uploads\/2024\/10\/iso9001.jpg\" class=\"attachment-full size-full wp-image-324\" alt=\"\" srcset=\"https:\/\/steelcom.cz\/wp-content\/uploads\/2024\/10\/iso9001.jpg 592w, https:\/\/steelcom.cz\/wp-content\/uploads\/2024\/10\/iso9001-212x300.jpg 212w\" sizes=\"(max-width: 592px) 100vw, 592px\" \/>\t\t\t\t\t\t\t\t<\/a>\n\t\t\t\t\t\t\t\t\t\t\t\t\t\t\t<\/div>\n\t\t\t\t<\/div>\n\t\t<div class=\"elementor-element elementor-element-e700e6a e-con-full e-flex e-con e-child\" data-id=\"e700e6a\" data-element_type=\"container\" data-e-type=\"container\">\n\t\t\t\t<div class=\"elementor-element elementor-element-382a2ff elementor-widget elementor-widget-heading\" data-id=\"382a2ff\" data-element_type=\"widget\" data-e-type=\"widget\" data-widget_type=\"heading.default\">\n\t\t\t\t\t<h2 class=\"elementor-heading-title elementor-size-default\">Certifik\u00e1t D&amp;B Top Rating<\/h2>\t\t\t\t<\/div>\n\t\t\t\t<div class=\"elementor-element elementor-element-ef5574d elementor-widget__width-auto elementor-widget-divider--view-line elementor-widget elementor-widget-divider\" data-id=\"ef5574d\" data-element_type=\"widget\" data-e-type=\"widget\" data-widget_type=\"divider.default\">\n\t\t\t\t\t\t\t<div class=\"elementor-divider\">\n\t\t\t<span class=\"elementor-divider-separator\">\n\t\t\t\t\t\t<\/span>\n\t\t<\/div>\n\t\t\t\t\t\t<\/div>\n\t\t\t\t<div class=\"elementor-element elementor-element-b85adcc elementor-widget__width-initial elementor-widget-tablet__width-inherit elementor-widget-mobile_extra__width-inherit elementor-widget-mobile__width-inherit elementor-widget elementor-widget-text-editor\" data-id=\"b85adcc\" data-element_type=\"widget\" data-e-type=\"widget\" data-widget_type=\"text-editor.default\">\n\t\t\t\t\t\t\t\t\t<p>V roku 2004 na\u0161a spolo\u010dnos\u0165 zaviedla syst\u00e9m environment\u00e1lneho mana\u017e\u00e9rstva pod\u013ea normy ISO 14001 a v roku 2005 syst\u00e9m mana\u017e\u00e9rstva kvality pod\u013ea normy ISO 9000.<\/p>\n<p>V s\u00fa\u010dasnosti sme certifikovan\u00ed pod\u013ea noriem ISO 14001:2015 a ISO 9001:2015<\/p>\n\t\t\t\t\t\t\t\t<\/div>\n\t\t\t\t<\/div>\n\t\t\t\t\t<\/div>\n\t\t\t\t<\/div>\n\t\t\t\t<\/div>\n\t\t","protected":false},"excerpt":{"rendered":"<p>STEELCOM: Predaj hutn\u00edckych materi\u00e1lov Zistite viac Sortiment O spolo\u010dnosti Spolo\u010dnos\u0165\u00a0STEELCOM CZ a.s.\u00a0z poh\u013eadu pribl\u00ed\u017eenia ku svojim z\u00e1kazn\u00edkom a skvalitneniu slu\u017eieb na Slovenskom trhu zalo\u017eila v j\u00fani 2012 svoju dc\u00e9rsku spolo\u010dnos\u0165 STEELCOM SK, s.r.o. so s\u00eddlom v\u00a0Martine a skladom hutn\u00e9ho materi\u00e1lu (plechov) o objeme 2\u00a0000 ton v\u00a0Dubnici nad V\u00e1hom. Prostredn\u00edctvom priamych dod\u00e1vate\u013eov z\u00a0hut\u00ed pon\u00fakame: valcovanie plechov [&hellip;]<\/p>\n","protected":false},"author":1,"featured_media":0,"parent":0,"menu_order":0,"comment_status":"closed","ping_status":"closed","template":"","meta":{"footnotes":""},"class_list":["post-373","page","type-page","status-publish","hentry"],"_links":{"self":[{"href":"https:\/\/steelcom.cz\/sk\/wp-json\/wp\/v2\/pages\/373","targetHints":{"allow":["GET"]}}],"collection":[{"href":"https:\/\/steelcom.cz\/sk\/wp-json\/wp\/v2\/pages"}],"about":[{"href":"https:\/\/steelcom.cz\/sk\/wp-json\/wp\/v2\/types\/page"}],"author":[{"embeddable":true,"href":"https:\/\/steelcom.cz\/sk\/wp-json\/wp\/v2\/users\/1"}],"replies":[{"embeddable":true,"href":"https:\/\/steelcom.cz\/sk\/wp-json\/wp\/v2\/comments?post=373"}],"version-history":[{"count":8,"href":"https:\/\/steelcom.cz\/sk\/wp-json\/wp\/v2\/pages\/373\/revisions"}],"predecessor-version":[{"id":441,"href":"https:\/\/steelcom.cz\/sk\/wp-json\/wp\/v2\/pages\/373\/revisions\/441"}],"wp:attachment":[{"href":"https:\/\/steelcom.cz\/sk\/wp-json\/wp\/v2\/media?parent=373"}],"curies":[{"name":"wp","href":"https:\/\/api.w.org\/{rel}","templated":true}]}}