{"id":359,"date":"2024-10-30T15:10:47","date_gmt":"2024-10-30T14:10:47","guid":{"rendered":"https:\/\/steelcom.cz\/vseobecne-obchodne-podmienky\/"},"modified":"2024-12-02T16:21:34","modified_gmt":"2024-12-02T15:21:34","slug":"vseobecne-obchodne-podmienky","status":"publish","type":"page","link":"https:\/\/steelcom.cz\/sk\/vseobecne-obchodne-podmienky\/","title":{"rendered":"V\u0161eobecn\u00e9 obchodn\u00e9 podmienky"},"content":{"rendered":"\n<p>Neoddelite\u013enou s\u00fa\u010das\u0165ou ak\u00e9jko\u013evek uzavretej k\u00fapnej zmluvy alebo zmluvy o dielo, potvrdenej objedn\u00e1vky \u010di potvrdenej ponuky alebo zhotovenie diela uzavret\u00e9 so spolo\u010dnos\u0165ou STEELCOM SK, s.r.o. s\u00fa tieto V\u0161eobecn\u00e9 obchodn\u00e9 podmienky, pokia\u013e nebolo p\u00edsomne dojednan\u00e9 inak. Vylu\u010duje sa pou\u017eitie \u00a7 273 ods.1 a 2 obchodn\u00e9ho z\u00e1konniku a teda in\u00e9 obchodn\u00e9 podmienky ne\u017e v\u0161eobecn\u00e9 obchodn\u00e9 podmienky STEELCOM SK, s.r.o., sa nepou\u017eij\u00fa. STEELCOM SK, s.r.o. vylu\u010duje prijatie objedn\u00e1vky \u010di z\u00e1kazky s dodatkom, alebo odchylkou.    <\/p>\n\n\n\n<ul class=\"wp-block-list\">\n<li><a href=\"https:\/\/steelcom.cz\/wp-content\/uploads\/2024\/10\/STEELCOM_CZ-VOP-1.1.3.pdf\">V\u0161eobecn\u00e9 obchodn\u00e9 podmienky verze 1.1.3 platn\u00e9 od 1.6.2023<\/a><\/li>\n<\/ul>\n","protected":false},"excerpt":{"rendered":"<p>Neoddelite\u013enou s\u00fa\u010das\u0165ou ak\u00e9jko\u013evek uzavretej k\u00fapnej zmluvy alebo zmluvy o dielo, potvrdenej objedn\u00e1vky \u010di potvrdenej ponuky alebo zhotovenie diela uzavret\u00e9 so spolo\u010dnos\u0165ou STEELCOM SK, s.r.o. s\u00fa tieto V\u0161eobecn\u00e9 obchodn\u00e9 podmienky, pokia\u013e nebolo p\u00edsomne dojednan\u00e9 inak. Vylu\u010duje sa pou\u017eitie \u00a7 273 ods.1 a 2 obchodn\u00e9ho z\u00e1konniku a teda in\u00e9 obchodn\u00e9 podmienky ne\u017e v\u0161eobecn\u00e9 obchodn\u00e9 podmienky STEELCOM SK, [&hellip;]<\/p>\n","protected":false},"author":1,"featured_media":0,"parent":0,"menu_order":0,"comment_status":"closed","ping_status":"closed","template":"","meta":{"footnotes":""},"class_list":["post-359","page","type-page","status-publish","hentry"],"_links":{"self":[{"href":"https:\/\/steelcom.cz\/sk\/wp-json\/wp\/v2\/pages\/359","targetHints":{"allow":["GET"]}}],"collection":[{"href":"https:\/\/steelcom.cz\/sk\/wp-json\/wp\/v2\/pages"}],"about":[{"href":"https:\/\/steelcom.cz\/sk\/wp-json\/wp\/v2\/types\/page"}],"author":[{"embeddable":true,"href":"https:\/\/steelcom.cz\/sk\/wp-json\/wp\/v2\/users\/1"}],"replies":[{"embeddable":true,"href":"https:\/\/steelcom.cz\/sk\/wp-json\/wp\/v2\/comments?post=359"}],"version-history":[{"count":2,"href":"https:\/\/steelcom.cz\/sk\/wp-json\/wp\/v2\/pages\/359\/revisions"}],"predecessor-version":[{"id":442,"href":"https:\/\/steelcom.cz\/sk\/wp-json\/wp\/v2\/pages\/359\/revisions\/442"}],"wp:attachment":[{"href":"https:\/\/steelcom.cz\/sk\/wp-json\/wp\/v2\/media?parent=359"}],"curies":[{"name":"wp","href":"https:\/\/api.w.org\/{rel}","templated":true}]}}