{"id":367,"date":"2024-02-20T15:54:00","date_gmt":"2024-02-20T14:54:00","guid":{"rendered":"https:\/\/steelcom.cz\/kontakt\/"},"modified":"2026-01-20T14:51:56","modified_gmt":"2026-01-20T13:51:56","slug":"kontakt","status":"publish","type":"page","link":"https:\/\/steelcom.cz\/pl\/kontakt\/","title":{"rendered":"Kontakt"},"content":{"rendered":"\t\t<div data-elementor-type=\"wp-page\" data-elementor-id=\"367\" class=\"elementor elementor-367 elementor-43\" data-elementor-post-type=\"page\">\n\t\t\t\t<div class=\"elementor-element elementor-element-796d6df e-flex e-con-boxed e-con e-parent\" data-id=\"796d6df\" data-element_type=\"container\" data-e-type=\"container\">\n\t\t\t\t\t<div class=\"e-con-inner\">\n\t\t<div class=\"elementor-element elementor-element-06efd0f e-con-full e-flex e-con e-child\" data-id=\"06efd0f\" data-element_type=\"container\" data-e-type=\"container\">\n\t\t\t\t<div class=\"elementor-element elementor-element-48b4975 elementor-widget elementor-widget-heading\" data-id=\"48b4975\" data-element_type=\"widget\" data-e-type=\"widget\" data-widget_type=\"heading.default\">\n\t\t\t\t\t<h2 class=\"elementor-heading-title elementor-size-default\">Adres<\/h2>\t\t\t\t<\/div>\n\t\t\t\t<div class=\"elementor-element elementor-element-07390d4 elementor-widget__width-auto elementor-widget-divider--view-line elementor-widget elementor-widget-divider\" data-id=\"07390d4\" data-element_type=\"widget\" data-e-type=\"widget\" data-widget_type=\"divider.default\">\n\t\t\t\t\t\t\t<div class=\"elementor-divider\">\n\t\t\t<span class=\"elementor-divider-separator\">\n\t\t\t\t\t\t<\/span>\n\t\t<\/div>\n\t\t\t\t\t\t<\/div>\n\t\t\t\t<div class=\"elementor-element elementor-element-aa3e09e elementor-widget elementor-widget-text-editor\" data-id=\"aa3e09e\" data-element_type=\"widget\" data-e-type=\"widget\" data-widget_type=\"text-editor.default\">\n\t\t\t\t\t\t\t\t\t<p><strong>STEELCOM CZ, a.s.<br \/>Mari\u00e1nsk\u00e9 n\u00e1m\u011bst\u00ed 2116\/10, 709 00 Ostrava<br \/><\/strong>ID:<strong> 25876422<br \/><\/strong>VAT:<strong> CZ25876422<\/strong><\/p><p><a href=\"https:\/\/or.justice.cz\/ias\/ui\/rejstrik-firma.vysledky?subjektId=287530&amp;typ=PLATNY\" target=\"_blank\" rel=\"noopener\">Sp\u00f3\u0142ka zarejestrowana w Rejestrze Handlowym: S\u0105d Okr\u0119gowy w Ostrawie, numer akt B 2480<\/a> <br \/>Kapita\u0142 zak\u0142adowy: 11 000 000,- K\u010d <br \/>Wp\u0142acony: 100 %<\/p><p>OSTRAVA Mari\u00e1nsk\u00e9 n\u00e1m\u011bst\u00ed 2116\/10, 709 00 Ostrava <br \/>T: +420 597 583 421 <br \/>E: <a href=\"mailto:ostrava@steelcom.cz\">ostrava@steelcom.cz<\/a><\/p>\t\t\t\t\t\t\t\t<\/div>\n\t\t\t\t<\/div>\n\t\t<div class=\"elementor-element elementor-element-bc50658 e-con-full e-flex e-con e-child\" data-id=\"bc50658\" data-element_type=\"container\" data-e-type=\"container\">\n\t\t\t\t<div class=\"elementor-element elementor-element-6514b1b elementor-widget elementor-widget-html\" data-id=\"6514b1b\" data-element_type=\"widget\" data-e-type=\"widget\" data-widget_type=\"html.default\">\n\t\t\t\t\t<iframe src=\"https:\/\/www.google.com\/maps\/d\/u\/0\/embed?mid=1CeS8Mg-XBCyj9B7vhIAZ7mgu0C7Bqbo&amp;ehbc=2E312F&amp;noprof=1&amp;z=6\" width=\"640\" height=\"400\"><\/iframe>\t\t\t\t<\/div>\n\t\t\t\t<\/div>\n\t\t\t\t\t<\/div>\n\t\t\t\t<\/div>\n\t\t<div class=\"elementor-element elementor-element-85a9a48 e-flex e-con-boxed e-con e-parent\" data-id=\"85a9a48\" data-element_type=\"container\" data-e-type=\"container\">\n\t\t\t\t\t<div class=\"e-con-inner\">\n\t\t\t\t<div class=\"elementor-element elementor-element-5b58f47 elementor-widget elementor-widget-image\" data-id=\"5b58f47\" data-element_type=\"widget\" data-e-type=\"widget\" data-widget_type=\"image.default\">\n\t\t\t\t\t\t\t\t\t\t\t\t\t\t\t<img fetchpriority=\"high\" decoding=\"async\" width=\"1920\" height=\"623\" src=\"https:\/\/steelcom.cz\/wp-content\/uploads\/2024\/02\/barak-1.jpg\" class=\"attachment-full size-full wp-image-344\" alt=\"\" srcset=\"https:\/\/steelcom.cz\/wp-content\/uploads\/2024\/02\/barak-1.jpg 1920w, https:\/\/steelcom.cz\/wp-content\/uploads\/2024\/02\/barak-1-300x97.jpg 300w, https:\/\/steelcom.cz\/wp-content\/uploads\/2024\/02\/barak-1-1024x332.jpg 1024w, https:\/\/steelcom.cz\/wp-content\/uploads\/2024\/02\/barak-1-768x249.jpg 768w, https:\/\/steelcom.cz\/wp-content\/uploads\/2024\/02\/barak-1-1536x498.jpg 1536w\" sizes=\"(max-width: 1920px) 100vw, 1920px\" \/>\t\t\t\t\t\t\t\t\t\t\t\t\t\t\t<\/div>\n\t\t\t\t\t<\/div>\n\t\t\t\t<\/div>\n\t\t<div class=\"elementor-element elementor-element-3a727df e-flex e-con-boxed e-con e-parent\" data-id=\"3a727df\" data-element_type=\"container\" data-e-type=\"container\">\n\t\t\t\t\t<div class=\"e-con-inner\">\n\t\t\t\t<div class=\"elementor-element elementor-element-f28ab8f elementor-widget elementor-widget-heading\" data-id=\"f28ab8f\" data-element_type=\"widget\" data-e-type=\"widget\" data-widget_type=\"heading.default\">\n\t\t\t\t\t<h2 class=\"elementor-heading-title elementor-size-default\">Zarz\u0105dzanie firm\u0105<\/h2>\t\t\t\t<\/div>\n\t\t\t\t<div class=\"elementor-element elementor-element-1e6a377 elementor-widget__width-auto elementor-widget-divider--view-line elementor-widget elementor-widget-divider\" data-id=\"1e6a377\" data-element_type=\"widget\" data-e-type=\"widget\" data-widget_type=\"divider.default\">\n\t\t\t\t\t\t\t<div class=\"elementor-divider\">\n\t\t\t<span class=\"elementor-divider-separator\">\n\t\t\t\t\t\t<\/span>\n\t\t<\/div>\n\t\t\t\t\t\t<\/div>\n\t\t<div class=\"elementor-element elementor-element-a47a251 e-grid e-con-full e-con e-child\" data-id=\"a47a251\" data-element_type=\"container\" data-e-type=\"container\">\n\t\t\t\t<div class=\"elementor-element elementor-element-79a4253 elementor-widget elementor-widget-text-editor\" data-id=\"79a4253\" data-element_type=\"widget\" data-e-type=\"widget\" data-widget_type=\"text-editor.default\">\n\t\t\t\t\t\t\t\t\t<p><strong>Ing.<\/strong> <strong>Ale\u0161 Pavl\u00edk<br \/><\/strong>Prezes Zarz\u0105du <br \/>T: <strong>+420 597 583 505<br \/><\/strong>E:<strong> <a href=\"mailto:pavlik@steelcom.cz\">pavlik@steelcom.cz<\/a><\/strong><\/p>\t\t\t\t\t\t\t\t<\/div>\n\t\t\t\t<\/div>\n\t\t<div class=\"elementor-element elementor-element-8a78774 e-grid e-con-full e-con e-child\" data-id=\"8a78774\" data-element_type=\"container\" data-e-type=\"container\">\n\t\t\t\t<div class=\"elementor-element elementor-element-bdae512 elementor-widget elementor-widget-text-editor\" data-id=\"bdae512\" data-element_type=\"widget\" data-e-type=\"widget\" data-widget_type=\"text-editor.default\">\n\t\t\t\t\t\t\t\t\t<p><strong>Petr Bialek<br \/><\/strong>Dyrektor Sprzeda\u017cy <br \/>M: <strong>+420 604 228 501<\/strong> <br \/>E: <strong><a href=\"mailto:bialek@steelcom.cz\">bialek@steelcom.cz<\/a><\/strong><\/p>\t\t\t\t\t\t\t\t<\/div>\n\t\t\t\t<div class=\"elementor-element elementor-element-db854af elementor-widget elementor-widget-text-editor\" data-id=\"db854af\" data-element_type=\"widget\" data-e-type=\"widget\" data-widget_type=\"text-editor.default\">\n\t\t\t\t\t\t\t\t\t<p><strong>Ing. <\/strong><strong>Monika Gavl\u00e1kov\u00e1<br \/><\/strong>Dyrektor Finansowy <br \/>M: <strong>+420 604 228 507<br \/><\/strong>E: <strong><a href=\"mailto:gavlakova@steelcom.cz\">gavlakova@steelcom.cz<\/a><\/strong><\/p>\t\t\t\t\t\t\t\t<\/div>\n\t\t\t\t<\/div>\n\t\t\t\t\t<\/div>\n\t\t\t\t<\/div>\n\t\t<div class=\"elementor-element elementor-element-f199a08 e-flex e-con-boxed e-con e-parent\" data-id=\"f199a08\" data-element_type=\"container\" data-e-type=\"container\">\n\t\t\t\t\t<div class=\"e-con-inner\">\n\t\t\t\t<div class=\"elementor-element elementor-element-0f5e7f2 elementor-widget elementor-widget-heading\" data-id=\"0f5e7f2\" data-element_type=\"widget\" data-e-type=\"widget\" data-widget_type=\"heading.default\">\n\t\t\t\t\t<h2 class=\"elementor-heading-title elementor-size-default\">Dzia\u0142 sprzeda\u017cy<\/h2>\t\t\t\t<\/div>\n\t\t\t\t<div class=\"elementor-element elementor-element-20903db elementor-widget__width-auto elementor-widget-divider--view-line elementor-widget elementor-widget-divider\" data-id=\"20903db\" data-element_type=\"widget\" data-e-type=\"widget\" data-widget_type=\"divider.default\">\n\t\t\t\t\t\t\t<div class=\"elementor-divider\">\n\t\t\t<span class=\"elementor-divider-separator\">\n\t\t\t\t\t\t<\/span>\n\t\t<\/div>\n\t\t\t\t\t\t<\/div>\n\t\t<div class=\"elementor-element elementor-element-34a6523 e-grid e-con-full e-con e-child\" data-id=\"34a6523\" data-element_type=\"container\" data-e-type=\"container\">\n\t\t\t\t<div class=\"elementor-element elementor-element-6e6d92f elementor-widget elementor-widget-text-editor\" data-id=\"6e6d92f\" data-element_type=\"widget\" data-e-type=\"widget\" data-widget_type=\"text-editor.default\">\n\t\t\t\t\t\t\t\t\t<p><strong>Daniel Bialek<\/strong> <br \/>M: <strong>+420 605 322 166<\/strong> <br \/>E: <strong><a href=\"mailto:bialek.daniel@steelcom.cz\">bialek.daniel@steelcom.cz<\/a><\/strong><\/p>\t\t\t\t\t\t\t\t<\/div>\n\t\t\t\t<\/div>\n\t\t<div class=\"elementor-element elementor-element-3fa140c e-grid e-con-full e-con e-child\" data-id=\"3fa140c\" data-element_type=\"container\" data-e-type=\"container\">\n\t\t\t\t<div class=\"elementor-element elementor-element-b1a5b89 elementor-widget elementor-widget-text-editor\" data-id=\"b1a5b89\" data-element_type=\"widget\" data-e-type=\"widget\" data-widget_type=\"text-editor.default\">\n\t\t\t\t\t\t\t\t\t<p><strong>Marie \u010cern\u00e1<\/strong> <br \/>M: <strong>+420 604 228 500<\/strong> <br \/>E: <a href=\"mailto:cerna@steelcom.cz\">cerna@steelcom.cz<\/a><\/p>\t\t\t\t\t\t\t\t<\/div>\n\t\t\t\t<div class=\"elementor-element elementor-element-10fecac elementor-widget elementor-widget-text-editor\" data-id=\"10fecac\" data-element_type=\"widget\" data-e-type=\"widget\" data-widget_type=\"text-editor.default\">\n\t\t\t\t\t\t\t\t\t<p><strong>Pavla Han\u00e1kov\u00e1<br \/><\/strong>M: <strong>+420 604 228 543<br \/><\/strong>E:<strong> <a href=\"mailto:hanakova@steelcom.cz\">hanakova@steelcom.cz<\/a><\/strong><\/p>\t\t\t\t\t\t\t\t<\/div>\n\t\t\t\t<\/div>\n\t\t\t\t\t<\/div>\n\t\t\t\t<\/div>\n\t\t<div class=\"elementor-element elementor-element-fc20f69 e-flex e-con-boxed e-con e-parent\" data-id=\"fc20f69\" data-element_type=\"container\" data-e-type=\"container\">\n\t\t\t\t\t<div class=\"e-con-inner\">\n\t\t\t\t<div class=\"elementor-element elementor-element-043dc64 elementor-widget elementor-widget-image\" data-id=\"043dc64\" data-element_type=\"widget\" data-e-type=\"widget\" data-widget_type=\"image.default\">\n\t\t\t\t\t\t\t\t\t\t\t\t\t\t\t<img decoding=\"async\" width=\"1920\" height=\"500\" src=\"https:\/\/steelcom.cz\/wp-content\/uploads\/2024\/10\/plazma.png\" class=\"attachment-full size-full wp-image-311\" alt=\"\" srcset=\"https:\/\/steelcom.cz\/wp-content\/uploads\/2024\/10\/plazma.png 1920w, https:\/\/steelcom.cz\/wp-content\/uploads\/2024\/10\/plazma-300x78.png 300w, https:\/\/steelcom.cz\/wp-content\/uploads\/2024\/10\/plazma-1024x267.png 1024w, https:\/\/steelcom.cz\/wp-content\/uploads\/2024\/10\/plazma-768x200.png 768w, https:\/\/steelcom.cz\/wp-content\/uploads\/2024\/10\/plazma-1536x400.png 1536w\" sizes=\"(max-width: 1920px) 100vw, 1920px\" \/>\t\t\t\t\t\t\t\t\t\t\t\t\t\t\t<\/div>\n\t\t\t\t\t<\/div>\n\t\t\t\t<\/div>\n\t\t<div class=\"elementor-element elementor-element-57b7623 e-flex e-con-boxed e-con e-parent\" data-id=\"57b7623\" data-element_type=\"container\" data-e-type=\"container\">\n\t\t\t\t\t<div class=\"e-con-inner\">\n\t\t\t\t<div class=\"elementor-element elementor-element-df6db03 elementor-widget elementor-widget-heading\" data-id=\"df6db03\" data-element_type=\"widget\" data-e-type=\"widget\" data-widget_type=\"heading.default\">\n\t\t\t\t\t<h2 class=\"elementor-heading-title elementor-size-default\">Magazyn Ostrawa<\/h2>\t\t\t\t<\/div>\n\t\t\t\t<div class=\"elementor-element elementor-element-79deebe elementor-widget__width-auto elementor-widget-divider--view-line elementor-widget elementor-widget-divider\" data-id=\"79deebe\" data-element_type=\"widget\" data-e-type=\"widget\" data-widget_type=\"divider.default\">\n\t\t\t\t\t\t\t<div class=\"elementor-divider\">\n\t\t\t<span class=\"elementor-divider-separator\">\n\t\t\t\t\t\t<\/span>\n\t\t<\/div>\n\t\t\t\t\t\t<\/div>\n\t\t<div class=\"elementor-element elementor-element-fd5890b e-grid e-con-full e-con e-child\" data-id=\"fd5890b\" data-element_type=\"container\" data-e-type=\"container\">\n\t\t\t\t<div class=\"elementor-element elementor-element-e6e984c elementor-widget elementor-widget-text-editor\" data-id=\"e6e984c\" data-element_type=\"widget\" data-e-type=\"widget\" data-widget_type=\"text-editor.default\">\n\t\t\t\t\t\t\t\t\t<p>Kompleks przemys\u0142owy V\u00edtkovice Steel<br \/>\u0160trambersk\u00e1, brama nr 12 <br \/>703 00 Ostrava &#8211; V\u00edtkovice<\/p>\t\t\t\t\t\t\t\t<\/div>\n\t\t\t\t<\/div>\n\t\t<div class=\"elementor-element elementor-element-3eb1284 e-grid e-con-full e-con e-child\" data-id=\"3eb1284\" data-element_type=\"container\" data-e-type=\"container\">\n\t\t\t\t<div class=\"elementor-element elementor-element-b2ab82d elementor-widget elementor-widget-text-editor\" data-id=\"b2ab82d\" data-element_type=\"widget\" data-e-type=\"widget\" data-widget_type=\"text-editor.default\">\n\t\t\t\t\t\t\t\t\t<p><strong>Michal Cabuk<\/strong> <br \/>Kierownik Magazynu <br \/>M: <strong>+420 604 228 522<br \/><\/strong>E: <strong> <a href=\"mailto:cabuk@steelcom.cz\">cabuk@steelcom.cz<\/a><\/strong><\/p>\t\t\t\t\t\t\t\t<\/div>\n\t\t\t\t<div class=\"elementor-element elementor-element-e97700c elementor-widget elementor-widget-text-editor\" data-id=\"e97700c\" data-element_type=\"widget\" data-e-type=\"widget\" data-widget_type=\"text-editor.default\">\n\t\t\t\t\t\t\t\t\t<p><strong>Kate\u0159ina Hrb\u00e1\u010dov\u00e1<\/strong> <br \/>M: <strong>+420 724 944 125<\/strong> <br \/>E: <strong><a href=\"mailto:hrbacova@steelcom.cz\">hrbacova@steelcom.cz<\/a><\/strong><\/p>\t\t\t\t\t\t\t\t<\/div>\n\t\t\t\t<div class=\"elementor-element elementor-element-d20f931 elementor-widget elementor-widget-text-editor\" data-id=\"d20f931\" data-element_type=\"widget\" data-e-type=\"widget\" data-widget_type=\"text-editor.default\">\n\t\t\t\t\t\t\t\t\t<p><strong>Ing. Luk\u00e1\u0161 Hov\u016frka<br \/><\/strong>T: <strong>+420 604 228 145<\/strong><strong><br \/><\/strong>E: <strong><a href=\"mailto:hovurka@steelcom.cz\">hovurka@steelcom.cz<\/a><\/strong><\/p>\t\t\t\t\t\t\t\t<\/div>\n\t\t\t\t<\/div>\n\t\t\t\t\t<\/div>\n\t\t\t\t<\/div>\n\t\t\t\t<\/div>\n\t\t","protected":false},"excerpt":{"rendered":"<p>Adres STEELCOM CZ, a.s.Mari\u00e1nsk\u00e9 n\u00e1m\u011bst\u00ed 2116\/10, 709 00 OstravaID: 25876422VAT: CZ25876422 Sp\u00f3\u0142ka zarejestrowana w Rejestrze Handlowym: S\u0105d Okr\u0119gowy w Ostrawie, numer akt B 2480 Kapita\u0142 zak\u0142adowy: 11 000 000,- K\u010d Wp\u0142acony: 100 % OSTRAVA Mari\u00e1nsk\u00e9 n\u00e1m\u011bst\u00ed 2116\/10, 709 00 Ostrava T: +420 597 583 421 E: ostrava@steelcom.cz Zarz\u0105dzanie firm\u0105 Ing. Ale\u0161 Pavl\u00edkPrezes Zarz\u0105du T: +420 [&hellip;]<\/p>\n","protected":false},"author":1,"featured_media":0,"parent":0,"menu_order":0,"comment_status":"closed","ping_status":"closed","template":"","meta":{"footnotes":""},"class_list":["post-367","page","type-page","status-publish","hentry"],"_links":{"self":[{"href":"https:\/\/steelcom.cz\/pl\/wp-json\/wp\/v2\/pages\/367","targetHints":{"allow":["GET"]}}],"collection":[{"href":"https:\/\/steelcom.cz\/pl\/wp-json\/wp\/v2\/pages"}],"about":[{"href":"https:\/\/steelcom.cz\/pl\/wp-json\/wp\/v2\/types\/page"}],"author":[{"embeddable":true,"href":"https:\/\/steelcom.cz\/pl\/wp-json\/wp\/v2\/users\/1"}],"replies":[{"embeddable":true,"href":"https:\/\/steelcom.cz\/pl\/wp-json\/wp\/v2\/comments?post=367"}],"version-history":[{"count":16,"href":"https:\/\/steelcom.cz\/pl\/wp-json\/wp\/v2\/pages\/367\/revisions"}],"predecessor-version":[{"id":500,"href":"https:\/\/steelcom.cz\/pl\/wp-json\/wp\/v2\/pages\/367\/revisions\/500"}],"wp:attachment":[{"href":"https:\/\/steelcom.cz\/pl\/wp-json\/wp\/v2\/media?parent=367"}],"curies":[{"name":"wp","href":"https:\/\/api.w.org\/{rel}","templated":true}]}}