{"id":361,"date":"2024-10-30T15:10:47","date_gmt":"2024-10-30T14:10:47","guid":{"rendered":"https:\/\/steelcom.cz\/ogolne-warunki-handlowe\/"},"modified":"2024-12-02T13:33:10","modified_gmt":"2024-12-02T12:33:10","slug":"ogolne-warunki-handlowe","status":"publish","type":"page","link":"https:\/\/steelcom.cz\/pl\/ogolne-warunki-handlowe\/","title":{"rendered":"Og\u00f3lne warunki handlowe"},"content":{"rendered":"\n<p>Integraln\u0105 cz\u0119\u015bci\u0105 ka\u017cdej zawartej umowy kupna lub umowy o dzie\u0142o, potwierdzonego zam\u00f3wienia lub potwierdzonej oferty lub wykonania pracy zawartej ze STEELCOM CZ a. s. s\u0105 Og\u00f3lne Warunki Handlowe STEELCOM CZ a.s., o ile nie uzgodniono inaczej na pi\u015bmie. Wy\u0142\u0105cza si\u0119 stosowanie \u00a71751 ust. 1 Kodeksu cywilnego, w zwi\u0105zku z czym inne warunki ni\u017c Og\u00f3lne warunki STEELCOM CZ a.s. nie maj\u0105 zastosowania. STEELCOM CZ a.s. wyklucza przyj\u0119cie zam\u00f3wienia lub umowy z uzupe\u0142nieniem lub odst\u0119pstwem.    <\/p>\n\n<ul class=\"wp-block-list\">\n<li><a href=\"https:\/\/steelcom.cz\/wp-content\/uploads\/2024\/10\/STEELCOM_CZ-VOP-1.1.3.pdf\">Og\u00f3lne warunki handlowe w wersji 1.1.3 obowi\u0105zuj\u0105ce od 1.6.2023 r.<\/a><\/li>\n\n\n\n<li><a href=\"https:\/\/steelcom.cz\/wp-content\/uploads\/2024\/10\/STEELCOM_CZ_VOP_22_3.pdf\">Og\u00f3lne warunki w wersji 1.1.2 obowi\u0105zuj\u0105ce od 11.3.2022 do 31.5.2023 r.<\/a><\/li>\n<\/ul>\n","protected":false},"excerpt":{"rendered":"<p>Integraln\u0105 cz\u0119\u015bci\u0105 ka\u017cdej zawartej umowy kupna lub umowy o dzie\u0142o, potwierdzonego zam\u00f3wienia lub potwierdzonej oferty lub wykonania pracy zawartej ze STEELCOM CZ a. s. s\u0105 Og\u00f3lne Warunki Handlowe STEELCOM CZ a.s., o ile nie uzgodniono inaczej na pi\u015bmie. Wy\u0142\u0105cza si\u0119 stosowanie \u00a71751 ust. 1 Kodeksu cywilnego, w zwi\u0105zku z czym inne warunki ni\u017c Og\u00f3lne warunki [&hellip;]<\/p>\n","protected":false},"author":1,"featured_media":0,"parent":0,"menu_order":0,"comment_status":"closed","ping_status":"closed","template":"","meta":{"footnotes":""},"class_list":["post-361","page","type-page","status-publish","hentry"],"_links":{"self":[{"href":"https:\/\/steelcom.cz\/pl\/wp-json\/wp\/v2\/pages\/361","targetHints":{"allow":["GET"]}}],"collection":[{"href":"https:\/\/steelcom.cz\/pl\/wp-json\/wp\/v2\/pages"}],"about":[{"href":"https:\/\/steelcom.cz\/pl\/wp-json\/wp\/v2\/types\/page"}],"author":[{"embeddable":true,"href":"https:\/\/steelcom.cz\/pl\/wp-json\/wp\/v2\/users\/1"}],"replies":[{"embeddable":true,"href":"https:\/\/steelcom.cz\/pl\/wp-json\/wp\/v2\/comments?post=361"}],"version-history":[{"count":1,"href":"https:\/\/steelcom.cz\/pl\/wp-json\/wp\/v2\/pages\/361\/revisions"}],"predecessor-version":[{"id":362,"href":"https:\/\/steelcom.cz\/pl\/wp-json\/wp\/v2\/pages\/361\/revisions\/362"}],"wp:attachment":[{"href":"https:\/\/steelcom.cz\/pl\/wp-json\/wp\/v2\/media?parent=361"}],"curies":[{"name":"wp","href":"https:\/\/api.w.org\/{rel}","templated":true}]}}