{"id":355,"date":"2023-12-07T11:43:09","date_gmt":"2023-12-07T10:43:09","guid":{"rendered":"https:\/\/steelcom.cz\/strona-glowna\/"},"modified":"2026-01-20T15:22:28","modified_gmt":"2026-01-20T14:22:28","slug":"strona-glowna","status":"publish","type":"page","link":"https:\/\/steelcom.cz\/pl\/","title":{"rendered":"Strona g\u0142\u00f3wna"},"content":{"rendered":"\t\t<div data-elementor-type=\"wp-page\" data-elementor-id=\"355\" class=\"elementor elementor-355 elementor-2\" data-elementor-post-type=\"page\">\n\t\t\t\t<div class=\"elementor-element elementor-element-46b0b86 e-con-full e-flex e-con e-parent\" data-id=\"46b0b86\" data-element_type=\"container\" data-e-type=\"container\">\n\t\t<div class=\"elementor-element elementor-element-7ce4cd4 e-con-full e-flex e-con e-child\" data-id=\"7ce4cd4\" data-element_type=\"container\" data-e-type=\"container\" data-settings=\"{&quot;background_background&quot;:&quot;video&quot;,&quot;background_video_link&quot;:&quot;https:\\\/\\\/www.youtube.com\\\/watch?v=4Q-CiQ3W4ZE&quot;}\">\n\t\t<div class=\"elementor-background-video-container elementor-hidden-mobile\">\n\t\t\t\t\t\t\t<div class=\"elementor-background-video-embed\" role=\"presentation\"><\/div>\n\t\t\t\t\t\t<\/div>\t\t<div class=\"elementor-element elementor-element-23902a3 elementor-widget elementor-widget-heading\" data-id=\"23902a3\" data-element_type=\"widget\" data-e-type=\"widget\" data-widget_type=\"heading.default\">\n\t\t\t\t\t<h1 class=\"elementor-heading-title elementor-size-default\">STEELCOM: Sprzeda\u017c materia\u0142\u00f3w metalurgicznych\n\n<\/h1>\t\t\t\t<\/div>\n\t\t<div class=\"elementor-element elementor-element-56808f1 e-con-full e-flex e-con e-child\" data-id=\"56808f1\" data-element_type=\"container\" data-e-type=\"container\">\n\t\t\t\t<div class=\"elementor-element elementor-element-1feb076 elementor-widget__width-auto elementor-widget elementor-widget-button\" data-id=\"1feb076\" data-element_type=\"widget\" data-e-type=\"widget\" data-widget_type=\"button.default\">\n\t\t\t\t\t\t\t\t\t\t<a class=\"elementor-button elementor-button-link elementor-size-sm\" href=\"#zjistit-vice\">\n\t\t\t\t\t\t<span class=\"elementor-button-content-wrapper\">\n\t\t\t\t\t\t\t\t\t<span class=\"elementor-button-text\">Dowiedz si\u0119 wi\u0119cej<\/span>\n\t\t\t\t\t<\/span>\n\t\t\t\t\t<\/a>\n\t\t\t\t\t\t\t\t<\/div>\n\t\t\t\t<div class=\"elementor-element elementor-element-f99c296 elementor-widget__width-auto elementor-widget elementor-widget-button\" data-id=\"f99c296\" data-element_type=\"widget\" data-e-type=\"widget\" data-widget_type=\"button.default\">\n\t\t\t\t\t\t\t\t\t\t<a class=\"elementor-button elementor-button-link elementor-size-sm\" href=\"https:\/\/steelcom.cz\/pl\/asortyment\/\">\n\t\t\t\t\t\t<span class=\"elementor-button-content-wrapper\">\n\t\t\t\t\t\t\t\t\t<span class=\"elementor-button-text\">Asortyment<\/span>\n\t\t\t\t\t<\/span>\n\t\t\t\t\t<\/a>\n\t\t\t\t\t\t\t\t<\/div>\n\t\t\t\t<\/div>\n\t\t\t\t<\/div>\n\t\t\t\t<\/div>\n\t\t<div class=\"elementor-element elementor-element-ae2709a e-grid e-con-full e-con e-child\" data-id=\"ae2709a\" data-element_type=\"container\" data-e-type=\"container\" data-settings=\"{&quot;background_background&quot;:&quot;classic&quot;}\">\n\t\t\t\t<div class=\"elementor-element elementor-element-f79844c elementor-widget elementor-widget-image\" data-id=\"f79844c\" data-element_type=\"widget\" data-e-type=\"widget\" data-widget_type=\"image.default\">\n\t\t\t\t\t\t\t\t\t\t\t\t\t\t\t<img decoding=\"async\" width=\"250\" height=\"100\" src=\"https:\/\/steelcom.cz\/wp-content\/uploads\/2024\/12\/piktogramy_web_steelcom_zvlast-3-250x100-1.png\" class=\"attachment-large size-large wp-image-302\" alt=\"\" \/>\t\t\t\t\t\t\t\t\t\t\t\t\t\t\t<\/div>\n\t\t\t\t<div class=\"elementor-element elementor-element-dbc2f75 elementor-widget elementor-widget-image\" data-id=\"dbc2f75\" data-element_type=\"widget\" data-e-type=\"widget\" data-widget_type=\"image.default\">\n\t\t\t\t\t\t\t\t\t\t\t\t\t\t\t<img decoding=\"async\" width=\"250\" height=\"100\" src=\"https:\/\/steelcom.cz\/wp-content\/uploads\/2024\/12\/piktogramy_web_steelcom_zvlast2-3-250x100-2.png\" class=\"attachment-large size-large wp-image-329\" alt=\"\" \/>\t\t\t\t\t\t\t\t\t\t\t\t\t\t\t<\/div>\n\t\t\t\t<div class=\"elementor-element elementor-element-7095ca2 elementor-widget elementor-widget-image\" data-id=\"7095ca2\" data-element_type=\"widget\" data-e-type=\"widget\" data-widget_type=\"image.default\">\n\t\t\t\t\t\t\t\t\t\t\t\t\t\t\t<img decoding=\"async\" width=\"250\" height=\"100\" src=\"https:\/\/steelcom.cz\/wp-content\/uploads\/2024\/12\/piktogramy_web_steelcom_zvlast3-3-250x100-1.png\" class=\"attachment-large size-large wp-image-308\" alt=\"\" \/>\t\t\t\t\t\t\t\t\t\t\t\t\t\t\t<\/div>\n\t\t\t\t<\/div>\n\t\t<div class=\"elementor-element elementor-element-d03160d e-flex e-con-boxed e-con e-parent\" data-id=\"d03160d\" data-element_type=\"container\" data-e-type=\"container\" id=\"zjistit-vice\">\n\t\t\t\t\t<div class=\"e-con-inner\">\n\t\t<div class=\"elementor-element elementor-element-fa5e6b9 e-con-full e-flex e-con e-child\" data-id=\"fa5e6b9\" data-element_type=\"container\" data-e-type=\"container\">\n\t\t\t\t<div class=\"elementor-element elementor-element-ddd2b1e elementor-widget elementor-widget-heading\" data-id=\"ddd2b1e\" data-element_type=\"widget\" data-e-type=\"widget\" data-widget_type=\"heading.default\">\n\t\t\t\t\t<h2 class=\"elementor-heading-title elementor-size-default\">O sp\u00f3\u0142ce<\/h2>\t\t\t\t<\/div>\n\t\t\t\t<div class=\"elementor-element elementor-element-0a7fbfa elementor-widget__width-auto elementor-widget-divider--view-line elementor-widget elementor-widget-divider\" data-id=\"0a7fbfa\" data-element_type=\"widget\" data-e-type=\"widget\" data-widget_type=\"divider.default\">\n\t\t\t\t\t\t\t<div class=\"elementor-divider\">\n\t\t\t<span class=\"elementor-divider-separator\">\n\t\t\t\t\t\t<\/span>\n\t\t<\/div>\n\t\t\t\t\t\t<\/div>\n\t\t\t\t<div class=\"elementor-element elementor-element-c58f2bc elementor-widget__width-initial elementor-widget-tablet__width-inherit elementor-widget-mobile_extra__width-inherit elementor-widget-mobile__width-inherit elementor-widget elementor-widget-text-editor\" data-id=\"c58f2bc\" data-element_type=\"widget\" data-e-type=\"widget\" data-widget_type=\"text-editor.default\">\n\t\t\t\t\t\t\t\t\t<p>Sp\u00f3\u0142ka STEELCOM CZ a.s. prowadzi dzia\u0142alno\u015b\u0107 gospodarcz\u0105 w zakresie zakupu i sprzeda\u017cy materia\u0142\u00f3w hutniczych \u2013 blach stalowych na rynku krajowym i zagranicznym. Zesp\u00f3\u0142 Steelcomu, jako nast\u0119pca i kontynuator tradycji sp\u00f3\u0142ki ALPEKO plus, s.r.o., dzia\u0142a w bran\u017cy hutniczej ju\u017c od 20 lat. Produktami no\u015bnymi s\u0105 blachy do konstrukcji stalowych, konstrukcji mostowych, blachy do zbiornik\u00f3w ci\u015bnieniowych stosowane do temperatur standardowych i podwy\u017cszonych, blachy kot\u0142owe i blachy do ruroci\u0105g\u00f3w.<\/p>\n<p>Dostarczany <a href=\"https:\/\/steelcom.cz\/sortiment\/\" target=\"_blank\" rel=\"noopener noreferrer\">asortyment <\/a>cechuje \u015bcis\u0142a zgodno\u015b\u0107 z normami czeskimi i zagranicznymi.<\/p>\n<p>Naszym klientom oferujemy r\u00f3wnie\u017c <a href=\"https:\/\/steelcom.cz\/sortiment\/#services\">us\u0142ugi dodatkowe<\/a>.<\/p>\n<p>Dysponujemy zadaszonymi magazynami o powierzchni 11500m<sup>2<\/sup>, z w\u0142asn\u0105 bocznic\u0105 kolejow\u0105 oraz pi\u0119cioma nowoczesnymi i wydajnymi \u017curawiami do szybkiego za\u0142adunku.<\/p>\n\t\t\t\t\t\t\t\t<\/div>\n\t\t\t\t<\/div>\n\t\t<div class=\"elementor-element elementor-element-d36fb39 e-con-full e-flex e-con e-child\" data-id=\"d36fb39\" data-element_type=\"container\" data-e-type=\"container\">\n\t\t\t\t<div class=\"elementor-element elementor-element-8fe8a73 elementor-widget elementor-widget-image\" data-id=\"8fe8a73\" data-element_type=\"widget\" data-e-type=\"widget\" data-widget_type=\"image.default\">\n\t\t\t\t\t\t\t\t\t\t\t\t\t\t\t<img loading=\"lazy\" decoding=\"async\" width=\"800\" height=\"534\" src=\"https:\/\/steelcom.cz\/wp-content\/uploads\/2024\/10\/Foto2-1024x683-1.jpg\" class=\"attachment-large size-large wp-image-341\" alt=\"\" srcset=\"https:\/\/steelcom.cz\/wp-content\/uploads\/2024\/10\/Foto2-1024x683-1.jpg 1024w, https:\/\/steelcom.cz\/wp-content\/uploads\/2024\/10\/Foto2-1024x683-1-300x200.jpg 300w, https:\/\/steelcom.cz\/wp-content\/uploads\/2024\/10\/Foto2-1024x683-1-768x512.jpg 768w\" sizes=\"(max-width: 800px) 100vw, 800px\" \/>\t\t\t\t\t\t\t\t\t\t\t\t\t\t\t<\/div>\n\t\t\t\t<\/div>\n\t\t\t\t\t<\/div>\n\t\t\t\t<\/div>\n\t\t<div class=\"elementor-element elementor-element-0c3c88e e-flex e-con-boxed e-con e-parent\" data-id=\"0c3c88e\" data-element_type=\"container\" data-e-type=\"container\" data-settings=\"{&quot;background_background&quot;:&quot;classic&quot;}\">\n\t\t\t\t\t<div class=\"e-con-inner\">\n\t\t\t\t\t<\/div>\n\t\t\t\t<\/div>\n\t\t<div class=\"elementor-element elementor-element-2678492 e-flex e-con-boxed e-con e-parent\" data-id=\"2678492\" data-element_type=\"container\" data-e-type=\"container\" data-settings=\"{&quot;background_background&quot;:&quot;classic&quot;}\">\n\t\t\t\t\t<div class=\"e-con-inner\">\n\t\t<div class=\"elementor-element elementor-element-e1ae38c e-con-full e-flex e-con e-child\" data-id=\"e1ae38c\" data-element_type=\"container\" data-e-type=\"container\">\n\t\t\t\t<div class=\"elementor-element elementor-element-ae670de elementor-widget elementor-widget-image\" data-id=\"ae670de\" data-element_type=\"widget\" data-e-type=\"widget\" data-widget_type=\"image.default\">\n\t\t\t\t\t\t\t\t\t\t\t\t\t\t\t\t<a href=\"https:\/\/steelcom.cz\/wp-content\/uploads\/2026\/01\/ISO_14001-2015_EN.pdf\">\n\t\t\t\t\t\t\t<img loading=\"lazy\" decoding=\"async\" width=\"590\" height=\"838\" src=\"https:\/\/steelcom.cz\/wp-content\/uploads\/2024\/10\/iso14001.jpg\" class=\"attachment-full size-full wp-image-326\" alt=\"\" srcset=\"https:\/\/steelcom.cz\/wp-content\/uploads\/2024\/10\/iso14001.jpg 590w, https:\/\/steelcom.cz\/wp-content\/uploads\/2024\/10\/iso14001-211x300.jpg 211w\" sizes=\"(max-width: 590px) 100vw, 590px\" \/>\t\t\t\t\t\t\t\t<\/a>\n\t\t\t\t\t\t\t\t\t\t\t\t\t\t\t<\/div>\n\t\t\t\t<div class=\"elementor-element elementor-element-1b35bfb elementor-widget elementor-widget-image\" data-id=\"1b35bfb\" data-element_type=\"widget\" data-e-type=\"widget\" data-widget_type=\"image.default\">\n\t\t\t\t\t\t\t\t\t\t\t\t\t\t\t\t<a href=\"https:\/\/steelcom.cz\/wp-content\/uploads\/2026\/01\/ISO_9001-2015_EN.pdf\">\n\t\t\t\t\t\t\t<img loading=\"lazy\" decoding=\"async\" width=\"592\" height=\"837\" src=\"https:\/\/steelcom.cz\/wp-content\/uploads\/2024\/10\/iso9001.jpg\" class=\"attachment-full size-full wp-image-323\" alt=\"\" srcset=\"https:\/\/steelcom.cz\/wp-content\/uploads\/2024\/10\/iso9001.jpg 592w, https:\/\/steelcom.cz\/wp-content\/uploads\/2024\/10\/iso9001-212x300.jpg 212w\" sizes=\"(max-width: 592px) 100vw, 592px\" \/>\t\t\t\t\t\t\t\t<\/a>\n\t\t\t\t\t\t\t\t\t\t\t\t\t\t\t<\/div>\n\t\t\t\t<\/div>\n\t\t<div class=\"elementor-element elementor-element-e700e6a e-con-full e-flex e-con e-child\" data-id=\"e700e6a\" data-element_type=\"container\" data-e-type=\"container\">\n\t\t\t\t<div class=\"elementor-element elementor-element-382a2ff elementor-widget elementor-widget-heading\" data-id=\"382a2ff\" data-element_type=\"widget\" data-e-type=\"widget\" data-widget_type=\"heading.default\">\n\t\t\t\t\t<h2 class=\"elementor-heading-title elementor-size-default\">Certyfikat D&amp;B Top Rating<\/h2>\t\t\t\t<\/div>\n\t\t\t\t<div class=\"elementor-element elementor-element-ef5574d elementor-widget__width-auto elementor-widget-divider--view-line elementor-widget elementor-widget-divider\" data-id=\"ef5574d\" data-element_type=\"widget\" data-e-type=\"widget\" data-widget_type=\"divider.default\">\n\t\t\t\t\t\t\t<div class=\"elementor-divider\">\n\t\t\t<span class=\"elementor-divider-separator\">\n\t\t\t\t\t\t<\/span>\n\t\t<\/div>\n\t\t\t\t\t\t<\/div>\n\t\t\t\t<div class=\"elementor-element elementor-element-b85adcc elementor-widget__width-initial elementor-widget-tablet__width-inherit elementor-widget-mobile_extra__width-inherit elementor-widget-mobile__width-inherit elementor-widget elementor-widget-text-editor\" data-id=\"b85adcc\" data-element_type=\"widget\" data-e-type=\"widget\" data-widget_type=\"text-editor.default\">\n\t\t\t\t\t\t\t\t\t<p>W roku 2004 nasza sp\u00f3\u0142ka przyst\u0105pi\u0142a do systemu zarz\u0105dzania \u015brodowiskowego zgodnie z ISO 14001, a w roku 2005 sp\u00f3\u0142ka wprowadzi\u0142a system zarz\u0105dzania jako\u015bci\u0105 zgodnie z ISO 9000.<\/p>\n<p>Aktualnie jeste\u015bmy posiadaczem certyfikat\u00f3w wed\u0142ug norm ISO 14001:2015 i ISO 9001:2015<\/p>\n\t\t\t\t\t\t\t\t<\/div>\n\t\t\t\t<\/div>\n\t\t\t\t\t<\/div>\n\t\t\t\t<\/div>\n\t\t\t\t<\/div>\n\t\t","protected":false},"excerpt":{"rendered":"<p>STEELCOM: Sprzeda\u017c materia\u0142\u00f3w metalurgicznych Dowiedz si\u0119 wi\u0119cej Asortyment O sp\u00f3\u0142ce Sp\u00f3\u0142ka STEELCOM CZ a.s. prowadzi dzia\u0142alno\u015b\u0107 gospodarcz\u0105 w zakresie zakupu i sprzeda\u017cy materia\u0142\u00f3w hutniczych \u2013 blach stalowych na rynku krajowym i zagranicznym. Zesp\u00f3\u0142 Steelcomu, jako nast\u0119pca i kontynuator tradycji sp\u00f3\u0142ki ALPEKO plus, s.r.o., dzia\u0142a w bran\u017cy hutniczej ju\u017c od 20 lat. Produktami no\u015bnymi s\u0105 blachy [&hellip;]<\/p>\n","protected":false},"author":1,"featured_media":0,"parent":0,"menu_order":0,"comment_status":"closed","ping_status":"closed","template":"","meta":{"footnotes":""},"class_list":["post-355","page","type-page","status-publish","hentry"],"_links":{"self":[{"href":"https:\/\/steelcom.cz\/pl\/wp-json\/wp\/v2\/pages\/355","targetHints":{"allow":["GET"]}}],"collection":[{"href":"https:\/\/steelcom.cz\/pl\/wp-json\/wp\/v2\/pages"}],"about":[{"href":"https:\/\/steelcom.cz\/pl\/wp-json\/wp\/v2\/types\/page"}],"author":[{"embeddable":true,"href":"https:\/\/steelcom.cz\/pl\/wp-json\/wp\/v2\/users\/1"}],"replies":[{"embeddable":true,"href":"https:\/\/steelcom.cz\/pl\/wp-json\/wp\/v2\/comments?post=355"}],"version-history":[{"count":10,"href":"https:\/\/steelcom.cz\/pl\/wp-json\/wp\/v2\/pages\/355\/revisions"}],"predecessor-version":[{"id":522,"href":"https:\/\/steelcom.cz\/pl\/wp-json\/wp\/v2\/pages\/355\/revisions\/522"}],"wp:attachment":[{"href":"https:\/\/steelcom.cz\/pl\/wp-json\/wp\/v2\/media?parent=355"}],"curies":[{"name":"wp","href":"https:\/\/api.w.org\/{rel}","templated":true}]}}